{"id":12977,"date":"2024-03-20T16:17:03","date_gmt":"2024-03-20T15:17:03","guid":{"rendered":"https:\/\/www.drinkmore-water.com\/terms-conditions"},"modified":"2024-03-20T16:17:03","modified_gmt":"2024-03-20T15:17:03","slug":"terms-conditions","status":"publish","type":"page","link":"https:\/\/www.drinkmore-water.com\/it\/terms-conditions","title":{"rendered":"Terms &#038; Conditions"},"content":{"rendered":"\t\t<div data-elementor-type=\"wp-page\" data-elementor-id=\"12977\" class=\"elementor elementor-12977 elementor-4761\">\n\t\t\t\t\t\t<div class=\"elementor-inner\">\n\t\t\t\t<div class=\"elementor-section-wrap\">\n\t\t\t\t\t\t\t\t\t<section class=\"elementor-section elementor-top-section elementor-element elementor-element-2eef390 elementor-section-boxed elementor-section-height-default elementor-section-height-default\" data-id=\"2eef390\" data-element_type=\"section\">\n\t\t\t\t\t\t<div class=\"elementor-container elementor-column-gap-default\">\n\t\t\t\t\t\t\t<div class=\"elementor-row\">\n\t\t\t\t\t<div class=\"elementor-column elementor-col-100 elementor-top-column elementor-element elementor-element-ecb9f96\" data-id=\"ecb9f96\" data-element_type=\"column\" data-settings=\"{&quot;background_background&quot;:&quot;classic&quot;}\">\n\t\t\t<div class=\"elementor-column-wrap elementor-element-populated\">\n\t\t\t\t\t\t\t<div class=\"elementor-widget-wrap\">\n\t\t\t\t\t\t<div class=\"elementor-element elementor-element-407c7da elementor-widget elementor-widget-heading\" data-id=\"407c7da\" data-element_type=\"widget\" data-widget_type=\"heading.default\">\n\t\t\t\t<div class=\"elementor-widget-container\">\n\t\t\t<h1 class=\"elementor-heading-title elementor-size-default\"><em>Termini e Condizioni<\/em><\/h1>\t\t<\/div>\n\t\t\t\t<\/div>\n\t\t\t\t\t\t<\/div>\n\t\t\t\t\t<\/div>\n\t\t<\/div>\n\t\t\t\t\t\t\t\t<\/div>\n\t\t\t\t\t<\/div>\n\t\t<\/section>\n\t\t\t\t<section class=\"elementor-section elementor-top-section elementor-element elementor-element-858fa6a elementor-section-boxed elementor-section-height-default elementor-section-height-default\" data-id=\"858fa6a\" data-element_type=\"section\">\n\t\t\t\t\t\t<div class=\"elementor-container elementor-column-gap-default\">\n\t\t\t\t\t\t\t<div class=\"elementor-row\">\n\t\t\t\t\t<div class=\"elementor-column elementor-col-100 elementor-top-column elementor-element elementor-element-c7a2a65\" data-id=\"c7a2a65\" data-element_type=\"column\">\n\t\t\t<div class=\"elementor-column-wrap elementor-element-populated\">\n\t\t\t\t\t\t\t<div class=\"elementor-widget-wrap\">\n\t\t\t\t\t\t<div class=\"elementor-element elementor-element-61db1d8 elementor-widget elementor-widget-text-editor\" data-id=\"61db1d8\" data-element_type=\"widget\" data-widget_type=\"text-editor.default\">\n\t\t\t\t<div class=\"elementor-widget-container\">\n\t\t\t\t\t\t\t\t<div class=\"elementor-text-editor elementor-clearfix\">\n\t\t\t\t<h2>INFORMAZIONE LEGALE<\/h2>\n<h3>Editore<\/h3>\n<p>Pernod Ricard SA, societ\u00e0 per azioni di diritto francese con un capitale di \u20ac 405.908.668,00, iscritta al Registro del Commercio e delle Societ\u00e0 di Parigi con il numero 582 041 943 e con sede legale in 5 Cours Paul Ricard, 75008 Parigi, Francia, che agisce per conto della Parte Responsabile (\u201cParte Responsabile\u201d).<br \/>\n    Direttore della pubblicazione: Geraldine Dichamp<\/p>\n<h3>Presso<\/h3>\n<p>Pantheon Systems, Inc., 717 California Street, 3rd Floor, San Francisco, CA 94108<\/p>\n<h3>Dati di contatto<\/h3>\n<p>Per qualsiasi informazione relativa al funzionamento o all&#8217;utilizzo di questo sito puoi scrivere a:<br \/>\n    responsiblepartyprogramme@gmail.com<\/p>\n<h2>GENERALE<\/h2>\n<p>L&#8217;accesso o l&#8217;utilizzo del Sito implica l&#8217;accettazione senza riserve delle presenti Condizioni d&#8217;Uso.<br \/>\n    Ci riserviamo il diritto di modificare i presenti Termini di servizio in qualsiasi momento senza preavviso. Le modifiche entreranno in vigore non appena saranno pubblicate online. Gli utenti sono pertanto invitati a consultare con regolarit\u00e0 le presenti condizioni per prendere atto di eventuali modifiche alle stesse apportate.<\/p>\n<h2>ACCESSO AL SITO<\/h2>\n<p>L&#8217;accesso al Sito ed il suo utilizzo sono riservati ad un uso strettamente privato e personale. L&#8217;utente accetta di non utilizzare questo Sito e le informazioni o i dati in esso contenuti e che vengono forniti al solo scopo informativo, per scopi commerciali, politici, pubblicitari o per qualsiasi forma di sollecitazione commerciale e in particolare per l&#8217;invio di e-mail non richieste.<\/p>\n<h2>PROPRIET\u00c0 INTELLETTUALE<\/h2>\n<p>Il Sito, il nome di dominio del Sito, i marchi nonch\u00e9 tutti i contenuti e gli altri elementi che lo compongono (quali: architettura, struttura ad albero, loghi, elementi visivi, testi, commenti, illustrazioni, immagini, animate e non, file, sequenze video, suoni, ecc.) riprodotti sul Sito sono protetti dalle leggi vigenti in materia di propriet\u00e0 intellettuale e\/o banche dati. Essi sono di piena ed intera propriet\u00e0 della Parte Responsabile o dei suoi partner.<br \/>\n    Qualsiasi riproduzione, rappresentazione, adattamento o traduzione, in qualsiasi forma, di tutto o parte del Sito o degli elementi del Sito senza il previo consenso scritto della Parte Responsabile \u00e8 severamente vietata ed \u00e8 responsabilit\u00e0 del suo autore.<\/p>\n<h2>LINK AD ALTRI SITI<\/h2>\n<p>Il Sito pu\u00f2 rimandare gli utenti ad altri siti di terzi e\/o societ\u00e0 controllate o affiliate della Parte Responsabile, attraverso collegamenti ipertestuali particolarmente profondi; ci\u00f2 costituisce un servizio messo a disposizione dell&#8217;utente. La Parte Responsabile declina ogni responsabilit\u00e0 per il contenuto di questi altri siti sui quali non ha alcun controllo. \u00c8 quindi responsabilit\u00e0 dell&#8217;utente leggere attentamente le loro condizioni generali d&#8217;uso o le loro politiche di riservatezza.<br \/>\n    La creazione di collegamenti ipertestuali da parte di terzi verso tutto o parte del Sito \u00e8 severamente vietata senza il previo consenso scritto della Parte Responsabile. In ogni caso, tale collegamento dovr\u00e0 essere rimosso su semplice richiesta della Parte Responsabile.<\/p>\n<h2>RESPONSABILIT\u00c0<\/h2>\n<p>Per la corretta gestione del Sito, la Parte Responsabile si riserva il diritto, in qualsiasi momento, di sospendere, interrompere o limitare, senza preavviso, l&#8217;accesso a tutto o parte del Sito, di cancellare qualsiasi informazione che possa disturbare il funzionamento della piattaforma o che non rispetti la normativa vigente, ovvero di sospendere il Sito per effettuarne aggiornamenti.<br \/>\n    La Parte Responsabile non potr\u00e0 essere ritenuta responsabile delle interruzioni dei collegamenti, dei guasti del server, dei problemi elettrici o di altro tipo legati alla rete informatica Internet, in particolare in caso di guasto, avaria, difficolt\u00e0 o interruzione del funzionamento, che impedisca l&#8217;accesso al Sito o ad una delle sue caratteristiche.<br \/>\n    L&#8217;utente del Sito riconosce che il materiale di connessione al Sito \u00e8 sotto la sua intera responsabilit\u00e0 e che deve adottare tutte le misure adeguate per proteggere i propri dati, in particolare dagli attacchi virali via Internet.<br \/>\n    L&#8217;utente \u00e8 inoltre l&#8217;unico responsabile dei siti e dei dati che consulta.<br \/>\n    La Parte Responsabile non potr\u00e0 essere ritenuta responsabile in caso di procedimenti legali contro l&#8217;utente per l&#8217;utilizzo del Sito o di qualsiasi servizio accessibile via Internet.<br \/>\n    Infine, l&#8217;utente del Sito riconosce la propria responsabilit\u00e0 nel caso di eventuali danni causati a se stesso, a terzi e\/o alle sue apparecchiature in conseguenza della sua connessione o utilizzo del Sito.<\/p>\n<h2>POLITICA SULLA RISERVATEZZA<\/h2>\n<p>Tutte le informazioni personali riguardanti l&#8217;utente e comunicate da quest&#8217;ultimo durante l&#8217;utilizzo del Sito, comprese, in particolare, le informazioni personali nominative che saranno state raccolte durante qualsiasi processo di registrazione o contatto, sono soggette alla Politica. Informativa sulla Privacy del Sito, che costituisce parte integrante delle presenti Condizioni d&#8217;Uso e che \u00e8 accessibile qui o da un collegamento fornito in fondo a ciascuna pagina del Sito.<br \/>\n    Ti invitiamo a consultare regolarmente la presente Politica di Riservatezza, per prendere nota di eventuali modifiche ad essa apportate.<\/p>\n<h2>COOKIE<\/h2>\n<p>Consulta la nostra politica sui cookie<\/p>\n<h2>LEGGE APPLICABILE<\/h2>\n<p>Le presenti Condizioni d&#8217;uso del Sito sono regolate dalla legge francese.<\/p>\n<h2>INFORMATIVA SULLA PRIVACY DEI DATI<\/h2>\n<p>In qualit\u00e0 di titolare del trattamento, la Parte Responsabile si impegna a rispettare il diritto alla privacy dell&#8217;utente.<br \/>\n    La finalit\u00e0 di Pernod Ricard SA, societ\u00e0 per azioni di diritto francese con un capitale di \u20ac 405.908.668,00, iscritta al Registro del Commercio e delle Societ\u00e0 di Parigi con il numero 582 041 943 e con sede legale in 5 Cours Paul Ricard, 75008 Parigi, Francia, che agisce per conto della Parte Responsabile (\u201cParte Responsabile\u201d) \u00e8 di informare in che modo raccoglie, conserva, utilizza ed elabora i dati personali &#8220;Dati Personali&#8221; dell&#8217;utente, forniti attraverso qualsiasi media digitale gestito dalla Parte Responsabile (&#8220;Media digitali&#8221;).<\/p>\n<h2>1. CHE TIPO DI DATI PERSONALI RACCOGLIAMO?<\/h2>\n<p>Raccogliamo i dati personali degli utenti solo per gli scopi indicati nella Sezione 3 e ogni volta che questi utilizzano una delle funzionalit\u00e0 o dei servizi offerti dai nostri Media Digitali.<br \/>\n    Le categorie e il volume dei Dati Personali raccolti per l&#8217;utilizzo di funzionalit\u00e0 e servizi sono soggetti ad aggiornamento e modifica al variare dei nostri servizi e delle nostre attivit\u00e0.<\/p>\n<p>Potremmo anche utilizzare informazioni demografiche sugli utenti dei nostri Media Digitali, che potremmo ottenere da terze parti, come Google o i social network su cui l&#8217;utente \u00e8 registrato (&#8220;Informazioni sull&#8217;utilizzo&#8221;). Le informazioni sull&#8217;utilizzo possono includere le pagine visualizzate, quando sono state visualizzate, informazioni su una bevanda particolare o altri contenuti a cui l&#8217;utente ha avuto accesso o che ha fornito. s, la lingua in cui l&#8217;utente ha visualizzato i nostri Canali  Digitali, comprese le sue informazioni demografiche (quali et\u00e0, sesso e interessi, se applicabile) e le pagine visitate prima di visualizzare questa pagina, ecc.<\/p>\n<h2>2. COME E PERCH\u00c9 UTILIZZIAMO I COOKIE E LE TECNOLOGIE DI TRACCIAMENTO?<\/h2>\n<p>Utilizziamo tecnologie di tracciamento, come cookie, indirizzi IP o cronologia delle connessioni. Queste tecnologie di tracciamento ci aiutano ad adattare i nostri Canali digitali alle esigenze degli utenti.<\/p>\n<ul>\n<li>Utilizziamo questi Cookie per comprendere meglio come usano i nostri Media Digitali le persone che li consultano, con i nostri strumenti e servizi, nonch\u00e9 per migliorarne l&#8217;utilizzo e la funzionalit\u00e0. Previo ottenimento del consenso dell&#8217;utente, e quando richiesto dalla legge, i nostri Canali Digitali utilizzano cookie e tecnologie simili (\u201ccookie\u201d). I cookie sono piccoli file che vengono depositati sul disco rigido dell&#8217;utente e, in particolare, consentono di navigare tra le pagine in modo efficiente, ricordare le sue preferenze e, pi\u00f9 in generale, migliorare la sua esperienza. L&#8217;utilizzo dei cookie sui nostri Canali Digitali consente inoltre di beneficiare di consultazioni pi\u00f9 omogenee e di migliorare l&#8217;apprezzamento del modo in cui si naviga sul nostro Sito.<br \/>\n        Per ulteriori informazioni sui cookie che utilizziamo e su come disattivarli, puoi consultare la nostra Politica sui cookie della Parte Responsabile.<\/li>\n<li>Un indirizzo IP \u00e8 una stringa di numeri utilizzata dai computer della rete per identificare il computer dell&#8217;utente ogni volta che si connette a Internet. Potremmo aver bisogno di conservare l&#8217;indirizzo IP dell&#8217;utente per questi motivi (tra gli altri): (i) risolvere problemi tecnici, (ii) mantenere la sicurezza e l&#8217;incolumit\u00e0 del sito web, (iii) limitare l&#8217;accesso ai nostri Canali digitali per rispettare le restrizioni legali o contrattuali applicabili e (iv) comprendere meglio come vengono utilizzati i nostri Media Digitali;\n    <\/li>\n<li>Noi (o una terza parte che agisce per nostro conto) possiamo raccogliere informazioni sotto forma di cronologie di connessione che registrano l&#8217;attivit\u00e0 sui media digitali e raccolgono statistiche sulle abitudini di navigazione degli utenti. Questi dati vengono generati in modo anonimo e ci aiutano a identificare (tra gli altri): (i) il tipo di browser e sistema operativo di un utente, (ii) le informazioni sulla sessione di un utente (come l&#8217;URL da cui proviene, la data e l&#8217;ora in cui ha visitato i nostri Media Digitali, le pagine visualizzate sui nostri Media digitali e il tempo trascorso su queste pagine) e (iii) altri dati sulla navigazione o sui percorsi di navigazione. Utilizziamo inoltre le informazioni acquisite nella cronologia degli accessi per le nostre ricerche interne di marketing e demografiche e per poter migliorare e adattare costantemente i nostri Media Digitali. Le cronologie delle connessioni vengono utilizzate solo internamente e non sono associate a nessun utente specifico.<\/li>\n<\/ul>\n<h2>3. PER QUALI SCOPI UTILIZZIAMO I TUOI DATI PERSONALI?<\/h2>\n<p>Raccogliamo Dati Personali dell&#8217;utente alle seguenti finalit\u00e0:<\/p>\n<ul>\n<li>Gestire e seguire le richieste e i commenti dell&#8217;utente tramite il nostro modulo &#8220;Contattaci&#8221;:<br \/>\n        Faremo in modo che i tuoi dati personali rimangano accurati e aggiornati o debbano essere completati con le informazioni aggiuntive fornite. Cercheremo inoltre di evitare duplicati nel nostro database verificando ciascuna delle tue interazioni con noi e\/o con i nostri affiliati e verificando se i tuoi Dati Personali sono ancora corretti o se necessitano di essere completati o aggiornati. con le informazioni aggiuntive che hai fornito.<\/li>\n<li>Permettiti di firmare il Manifesto della Parte Responsabile:<br \/>\n        Quando utilizzi la funzione \u201cFirmo\u201d: i Dati Personali cos\u00ec raccolti verranno utilizzati esclusivamente per (i) confermare la tua firma (e garantire che un utente non firmi due volte), (ii) tenerti informato sull&#8217;andamento del programma e (iii) elaborare statistiche anonime su chi ha firmato il Manifesto.<\/li>\n<\/ul>\n<p>I tuoi Dati Personali non verranno utilizzati per nessun altro scopo.<\/p>\n<p>Potremo analizzare le tue attivit\u00e0 e abitudini di navigazione sui nostri Media Digitali per comprendere meglio le tue preferenze e i tuoi centri di interesse e per adattare le nostre comunicazioni ai tuoi gusti e preferenze, a meno che tu non ti opponga alle condizioni indicate all&#8217;art. la Sezione 9 della presente Informativa sulla privacy.<\/p>\n<p>Richiamiamo la tua attenzione sul fatto che gli strumenti automatici utilizzati vengono regolarmente controllati per garantire che i Dati Personali siano trattati in modo lecito. Puoi inoltre contestare l&#8217;esito della decisione automatica inviando un&#8217;e-mail all&#8217;indirizzo indicato nella successiva Sezione 9 e richiedendo ulteriori informazioni.<\/p>\n<h2>4. PERCH\u00c9 E A CHI DIVULGHIAMO I TUOI DATI PERSONALI?<\/h2>\n<ul>\n<li>Internamente<\/li>\n<\/ul>\n<p>I tuoi dati personali saranno accessibili solo da membri del personale debitamente autorizzati della Parte Responsabile.<\/p>\n<ul>\n<li>A terze parti<\/li>\n<\/ul>\n<p>Potremo trasmettere i tuoi Dati Personali a terzi, ma solo nei seguenti casi:<\/p>\n<ul>\n<li>se necessario, i Dati Personali possono essere trasmessi a fornitori di servizi terzi coinvolti nella fornitura dei nostri servizi. La Parte Responsabile si impegna a comunicare i Dati Personali raccolti solo a terzi autorizzati e di fiducia, che li trattano per nostro conto, secondo le nostre istruzioni e in conformit\u00e0 con i termini e le condizioni applicabili.<\/li>\n<li>Per programmi congiunti e co-sponsorizzati e per scopi promozionali: Quando eseguiamo azioni promozionali congiunte o co-sponsorizzate sui nostri media digitali in collaborazione con altre societ\u00e0 o altre terze parti affidabili e, come parte di questa eventualit\u00e0, raccogliamo e trattiamo dati personali, potremmo dover condividere i tuoi Dati personali con loro, previa acquisizione del tuo consenso quando la legge lo richiede. Nel caso in cui i Dati Personali che ti riguardano siano raccolti o trasmessi a una societ\u00e0 diversa dalla Parte Responsabile nell&#8217;ambito di questa azione promozionale, ti informeremo al momento della raccolta dei Dati Personali che ti riguardano;<\/li>\n<\/ul>\n<p>In caso di fusione, assorbimento o acquisizione di tutta o parte della Parte Responsabile da parte di un&#8217;altra societ\u00e0 o in caso di vendita o cessione, da parte della parte responsabile, di tutta o parte della sua attivit\u00e0, l&#8217;acquirente avr\u00e0 accesso alle informazioni che potrebbero includere Dati personali, in conformit\u00e0 alla legge applicabile. Parimenti, alcuni dei tuoi Dati Personali potrebbero essere trasferiti nell\u2019ambito di una ristrutturazione, fallimento o altro evento simile, se la legge applicabile lo consente e in conformit\u00e0 con la legge applicabile.<\/p>\n<h2>5. DOVE, COME E PERCH\u00c9 I TUOI DATI PERSONALI POSSONO ESSERE TRASFERITI AL DI FUORI DELL&#8217;UNIONE EUROPEA?<\/h2>\n<p>La Parte Responsabile trasferir\u00e0 i tuoi Dati Personali al di fuori dell&#8217;Unione Europea solo se tale trasferimento \u00e8 strettamente necessario per la fornitura dei Servizi.<br \/>\n    La Parte Responsabile adotta le misure appropriate per garantire la sicurezza dei Dati Personali, sia durante il trasferimento che nel luogo di arrivo, implementando le clausole contrattuali prescritte dalla Commissione Europea, in conformit\u00e0 con la legge applicabile.<br \/>\n    I nostri principali fornitori di servizi per la gestione dei nostri media digitali hanno sede negli Stati Uniti. I trasferimenti di Dati personali a questi fornitori di servizi vengono effettuati in conformit\u00e0 con le leggi applicabili e si basano su clausole contrattuali standard, come prescritto dalla Commissione Europea. Questi fornitori di servizi sono inoltre vincolati da un contratto che garantisce un elevato livello di protezione della riservatezza e che impone loro (tra le altre clausole) di agire solo su istruzioni della Parte Responsabile e di implementare costantemente tutte le misure tecniche necessarie per mantenere la sicurezza dei Dati Personali dei nostri utenti.<\/p>\n<h2>6. PER QUANTO TEMPO CONSERVIAMO I TUOI DATI PERSONALI?<\/h2>\n<p>Potremmo conservare i tuoi dati personali in conformit\u00e0 con la nostra procedura di conservazione dati interna nella misura in cui ci\u00f2 sia necessario per adempiere ai nostri obblighi legali e normativi.<br \/>\n    Potremmo quindi essere tenuti a conservare i dati personali dei nostri utenti anche dopo che questi hanno smesso di utilizzare i servizi della Parte Responsabile o i nostri Media digitali, in conformit\u00e0 con la prescrizione legale.<\/p>\n<p>I tuoi Dati Personali raccolti nel corso del programma Manifesto della Parte Responsabile saranno conservati per un periodo di un (1) anno, a partire dalla raccolta dei tuoi dati personali.<\/p>\n<h2>7. COME PROTEGGIAMO I TUOI DATI PERSONALI?<\/h2>\n<p>La Parte Responsabile adotter\u00e0 tutte le misure tecniche e organizzative necessarie per proteggere la riservatezza e la sicurezza dei tuoi Dati Personali raccolti tramite i nostri Media Digitali. Tali misure consistono, ma non si limitano a: (i) archiviare i tuoi dati personali in ambienti operativi sicuri che non sono accessibili al pubblico ma solo ai membri del personale autorizzato dalla Parte Responsabile e ai nostri agenti e appaltatori e (ii) verificare l&#8217;identit\u00e0 degli utenti registrati prima che possano avere accesso ai tuoi dati personali.<\/p>\n<h2>8. QUALI SONO I TUOI DIRITTI?<\/h2>\n<ul>\n<li>Se i tuoi Dati Personali sono stati trattati con il tuo consenso, hai il diritto di revocare il tuo consenso in qualsiasi momento senza che ci\u00f2 pregiudichi il consenso prestato prima della revoca.<\/li>\n<li>Puoi chiedere di avere accesso ai tuoi Dati Personali.<\/li>\n<li>Puoi chiedere di rettificare i tuoi dati personali se sono inesatti, incompleti o non aggiornati.<\/li>\n<li>Puoi richiedere che i tuoi dati personali vengano cancellati non appena: (i) i Dati Personali che ti riguardano non sono pi\u00f9 necessari ai fini del trattamento, (ii) hai revocato il consenso al trattamento basato esclusivamente su tale consenso, (iii) hai contestato il trattamento, (iv) il trattamento dei tuoi dati personali \u00e8 illegale, (v) i dati personali devono essere cancellati per adempiere a un obbligo legale applicabile alla Parte Responsabile. La Parte responsabile adotter\u00e0 misure ragionevoli per informare gli altri enti del Gruppo della Parte Responsabile dell&#8217;avvenuta cancellazione.<\/li>\n<li>\u00c8 possibile richiedere la limitazione del trattamento: (i) in caso di controversia sull&#8217;accuratezza dei tuoi Dati Personali per consentirci di verificarne l&#8217;accuratezza, (ii) se desideri limitare i tuoi Dati Personali anzich\u00e9 cancellarli in caso di trattamento illecito, (iii) se desideri che la Parte Responsabile conservi i dati personali che ti riguardano perch\u00e9 ne hai bisogno per garantire la tua difesa nell&#8217;ambito di un&#8217;azione legale, (iv) nel caso in cui hai contestato il trattamento ma la parte responsabile effettuerebbe un&#8217;indagine per verificare se esiste un fondamento legittimo per effettuare tale trattamento che potrebbe prevalere sui tuoi diritti.<\/li>\n<li>Puoi richiedere la portabilit\u00e0 dei Dati Personali che ci hai fornito se il trattamento dei Dati Personali \u00e8 basato sul tuo consenso o sull&#8217;esecuzione di un contratto.<br \/>\n        \u2022 Avrai sempre la possibilit\u00e0 di non inviarci i tuoi Dati Personali. In questo caso, le attivit\u00e0 e le funzionalit\u00e0 che potremo fornirti potrebbero essere limitate.<\/li>\n<li>Hai il diritto di opporti al trattamento dei tuoi dati personali, anche per scopi di marketing basati sulla profilazione o se il trattamento dei dati \u00e8 basato sull&#8217;interesse legittimo della Parte Responsabile.<\/li>\n<li>Hai inoltre il diritto di impartire istruzioni generali e specifiche sul destino dei tuoi Dati Personali dopo la tua morte.<\/li>\n<\/ul>\n<h2>9. COME CONTATTARE O INVIARE UN RECLAMO ALLA CNIL (Commission Nationale Informatique &#038; Libert\u00e9s- Agenzia francese per la protezione dei dati)?<\/h2>\n<p>Per qualsiasi domanda, reclamo o commento riguardante la presente Informativa sulla privacy o le nostre pratiche di raccolta delle informazioni, contattaci scrivendo a:<br \/>\n    Parte Responsabile<br \/>\n    5, cours Paul Ricard<br \/>\n    75380 Paris CEDEX 08<br \/>\n    Francia<\/p>\n<p>oppure inviando un&#8217; e-mail a: responsiblepartyprogramme@gmail.com<br \/>\n    Tieni presente che puoi anche presentare un reclamo all&#8217;Autorit\u00e0 di Controllo del Paese in cui ti trovi in caso di dubbi sulle condizioni di trattamento dei tuoi Dati Personali da parte della Parte Responsabile.<br \/>\n    In Francia \u00e8 possibile contattare la Commission Nationale de l&#8217;Informatique et des Libert\u00e9s (la \u201cCNIL\u201d), il cui sito web \u00e8 accessibile qui: https:\/\/www.cnil.fr\/.<\/p>\n<h2>10. MODIFICHE ALLA NOSTRA INFORMATIVA SULLA PRIVACY<\/h2>\n<p>WEsaminiamo regolarmente la nostra Informativa sulla privacy ed eventuali aggiornamenti verranno pubblicati su questa pagina web. La presente informativa sulla privacy \u00e8 stata aggiornata l&#8217;ultima volta il 21 maggio 2021.<\/p>\n\t\t\t\t\t<\/div>\n\t\t\t\t\t\t<\/div>\n\t\t\t\t<\/div>\n\t\t\t\t\t\t<\/div>\n\t\t\t\t\t<\/div>\n\t\t<\/div>\n\t\t\t\t\t\t\t\t<\/div>\n\t\t\t\t\t<\/div>\n\t\t<\/section>\n\t\t\t\t\t\t\t\t\t<\/div>\n\t\t\t<\/div>\n\t\t\t\t\t<\/div>\n\t\t","protected":false},"excerpt":{"rendered":"<p>Termini e Condizioni INFORMAZIONE LEGALE Editore Pernod Ricard SA, societ\u00e0 per azioni di diritto francese con un capitale di \u20ac 405.908.668,00, iscritta al Registro del Commercio e delle Societ\u00e0 di Parigi con il numero 582 041 943 e con sede legale in 5 Cours Paul Ricard, 75008 Parigi, Francia, che agisce per conto della Parte [&hellip;]<\/p>\n","protected":false},"author":1,"featured_media":0,"parent":0,"menu_order":0,"comment_status":"closed","ping_status":"closed","template":"","meta":{"footnotes":""},"_links":{"self":[{"href":"https:\/\/www.drinkmore-water.com\/it\/wp-json\/wp\/v2\/pages\/12977"}],"collection":[{"href":"https:\/\/www.drinkmore-water.com\/it\/wp-json\/wp\/v2\/pages"}],"about":[{"href":"https:\/\/www.drinkmore-water.com\/it\/wp-json\/wp\/v2\/types\/page"}],"author":[{"embeddable":true,"href":"https:\/\/www.drinkmore-water.com\/it\/wp-json\/wp\/v2\/users\/1"}],"replies":[{"embeddable":true,"href":"https:\/\/www.drinkmore-water.com\/it\/wp-json\/wp\/v2\/comments?post=12977"}],"version-history":[{"count":1,"href":"https:\/\/www.drinkmore-water.com\/it\/wp-json\/wp\/v2\/pages\/12977\/revisions"}],"predecessor-version":[{"id":12978,"href":"https:\/\/www.drinkmore-water.com\/it\/wp-json\/wp\/v2\/pages\/12977\/revisions\/12978"}],"wp:attachment":[{"href":"https:\/\/www.drinkmore-water.com\/it\/wp-json\/wp\/v2\/media?parent=12977"}],"curies":[{"name":"wp","href":"https:\/\/api.w.org\/{rel}","templated":true}]}}