{"id":7118,"date":"2021-08-05T18:46:33","date_gmt":"2021-08-05T16:46:33","guid":{"rendered":"https:\/\/www.responsible-party.com\/drink-more"},"modified":"2022-03-22T11:45:59","modified_gmt":"2022-03-22T10:45:59","slug":"drink-more","status":"publish","type":"page","link":"https:\/\/www.drinkmore-water.com\/fr\/drink-more","title":{"rendered":"Drink More."},"content":{"rendered":"\t\t<div data-elementor-type=\"wp-page\" data-elementor-id=\"7118\" class=\"elementor elementor-7118 elementor-5429\">\n\t\t\t\t\t\t<div class=\"elementor-inner\">\n\t\t\t\t<div class=\"elementor-section-wrap\">\n\t\t\t\t\t\t\t\t\t<section class=\"elementor-section elementor-top-section elementor-element elementor-element-3dbacf6 elementor-section-boxed elementor-section-height-default elementor-section-height-default\" data-id=\"3dbacf6\" data-element_type=\"section\">\n\t\t\t\t\t\t<div class=\"elementor-container elementor-column-gap-default\">\n\t\t\t\t\t\t\t<div class=\"elementor-row\">\n\t\t\t\t\t<div class=\"elementor-column elementor-col-100 elementor-top-column elementor-element elementor-element-ea09976\" data-id=\"ea09976\" data-element_type=\"column\">\n\t\t\t<div class=\"elementor-column-wrap elementor-element-populated\">\n\t\t\t\t\t\t\t<div class=\"elementor-widget-wrap\">\n\t\t\t\t\t\t<div class=\"elementor-element elementor-element-3bd940a elementor-widget elementor-widget-image\" data-id=\"3bd940a\" data-element_type=\"widget\" data-widget_type=\"image.default\">\n\t\t\t\t<div class=\"elementor-widget-container\">\n\t\t\t\t\t\t\t\t<div class=\"elementor-image\">\n\t\t\t\t\t\t\t\t\t\t\t\t<img decoding=\"async\" loading=\"lazy\" width=\"3244\" height=\"458\" src=\"https:\/\/www.drinkmore-water.com\/wp-content\/uploads\/2021\/07\/drink-more.png\" class=\"attachment-full size-full wp-image-5432\" alt=\"Drink More.\" srcset=\"https:\/\/www.drinkmore-water.com\/wp-content\/uploads\/2021\/07\/drink-more.png 3244w, https:\/\/www.drinkmore-water.com\/wp-content\/uploads\/2021\/07\/drink-more-300x42.png 300w, https:\/\/www.drinkmore-water.com\/wp-content\/uploads\/2021\/07\/drink-more-1024x145.png 1024w, https:\/\/www.drinkmore-water.com\/wp-content\/uploads\/2021\/07\/drink-more-768x108.png 768w, https:\/\/www.drinkmore-water.com\/wp-content\/uploads\/2021\/07\/drink-more-1536x217.png 1536w, https:\/\/www.drinkmore-water.com\/wp-content\/uploads\/2021\/07\/drink-more-2048x289.png 2048w\" sizes=\"(max-width: 3244px) 100vw, 3244px\" \/>\t\t\t\t\t\t\t\t\t\t\t\t\t\t<\/div>\n\t\t\t\t\t\t<\/div>\n\t\t\t\t<\/div>\n\t\t\t\t\t\t<\/div>\n\t\t\t\t\t<\/div>\n\t\t<\/div>\n\t\t\t\t\t\t\t\t<\/div>\n\t\t\t\t\t<\/div>\n\t\t<\/section>\n\t\t\t\t<section class=\"elementor-section elementor-top-section elementor-element elementor-element-a4e5dc7 elementor-section-boxed elementor-section-height-default elementor-section-height-default\" data-id=\"a4e5dc7\" data-element_type=\"section\" data-settings=\"{&quot;background_background&quot;:&quot;classic&quot;}\">\n\t\t\t\t\t\t<div class=\"elementor-container elementor-column-gap-default\">\n\t\t\t\t\t\t\t<div class=\"elementor-row\">\n\t\t\t\t\t<div class=\"elementor-column elementor-col-100 elementor-top-column elementor-element elementor-element-c429592\" data-id=\"c429592\" data-element_type=\"column\">\n\t\t\t<div class=\"elementor-column-wrap elementor-element-populated\">\n\t\t\t\t\t\t\t<div class=\"elementor-widget-wrap\">\n\t\t\t\t\t\t<div class=\"elementor-element elementor-element-63dc83f elementor-widget elementor-widget-heading\" data-id=\"63dc83f\" data-element_type=\"widget\" data-widget_type=\"heading.default\">\n\t\t\t\t<div class=\"elementor-widget-container\">\n\t\t\t<h2 class=\"elementor-heading-title elementor-size-default\">Pourquoi Drink More Water\u00a0?<\/h2>\t\t<\/div>\n\t\t\t\t<\/div>\n\t\t\t\t<div class=\"elementor-element elementor-element-5aa202e elementor-widget elementor-widget-text-editor\" data-id=\"5aa202e\" data-element_type=\"widget\" data-widget_type=\"text-editor.default\">\n\t\t\t\t<div class=\"elementor-widget-container\">\n\t\t\t\t\t\t\t\t<div class=\"elementor-text-editor elementor-clearfix\">\n\t\t\t\t<p>Responsible Party lance une nouvelle campagne digitale, dans la lign\u00e9e de son engagement \u00e0 promouvoir des comportements de consommation d&rsquo;alcool responsable et \u00e0 lutter contre le binge drinking chez les jeunes adultes en Europe et au-del\u00e0.<\/p><p>Le monde a \u00e9t\u00e9 mis sous cloche l&rsquo;an dernier et, maintenant que l&rsquo;\u00e9t\u00e9 commence dans l&rsquo;h\u00e9misph\u00e8re nord, beaucoup d\u2019entre vous s\u2019appr\u00eatent \u00e0 refaire la f\u00eate et \u00e0 rattraper le temps perdu. Dans ce contexte, nous savons que les risques li\u00e9s \u00e0 l&rsquo;alcool sont \u00e9lev\u00e9s.<\/p><p>En adoptant cette approche originale, nous souhaitons sensibiliser les jeunes adultes aux cons\u00e9quences des comportements dangereux et leur rappeler l&rsquo;importance de boire de l&rsquo;eau lorsqu&rsquo;ils consomment de l&rsquo;alcool.<\/p><p><strong>Forts de notre exp\u00e9rience de 12 ans sur le terrain, nous croyons qu&rsquo;il faut donner aux jeunes adultes les moyens de faire les bons choix.<\/strong><\/p><p>En quelques mots,<strong> nous voulons les encourager \u00e0 boire plus&#8230; d&rsquo;eau !<\/strong><\/p><p>L&rsquo;eau vous aide \u00e0 rester hydrat\u00e9 et \u00e0 prot\u00e9ger votre cerveau. Boire de l&rsquo;eau n&rsquo;acc\u00e9l\u00e8re pas l&rsquo;\u00e9limination de l&rsquo;alcool, mais aide votre corps \u00e0 d\u00e9composer l&rsquo;alcool et \u00e0 l&rsquo;\u00e9liminer par l&rsquo;urine. C\u2019est pourquoi, il est recommand\u00e9 d\u2019intercaler des verres d\u2019eau entre les verres d&rsquo;alcool pour lutter contre l&rsquo;effet d\u00e9shydratant de ces derniers. Rester hydrat\u00e9 aidera votre corps \u00e0 assimiler l&rsquo;alcool que vous consommez.<\/p>\t\t\t\t\t<\/div>\n\t\t\t\t\t\t<\/div>\n\t\t\t\t<\/div>\n\t\t\t\t<div class=\"elementor-element elementor-element-4b7a300 elementor-widget elementor-widget-text-editor\" data-id=\"4b7a300\" data-element_type=\"widget\" data-widget_type=\"text-editor.default\">\n\t\t\t\t<div class=\"elementor-widget-container\">\n\t\t\t\t\t\t\t\t<div class=\"elementor-text-editor elementor-clearfix\">\n\t\t\t\t<p style=\"text-align: center;\"><strong>SOUVENEZ-VOUS DE VOTRE SOIR\u00c9E,<\/strong><br \/>\n<strong>SOUVENEZ-VOUS DE BOIRE DE L&rsquo;EAU.<\/strong><\/p>\n\t\t\t\t\t<\/div>\n\t\t\t\t\t\t<\/div>\n\t\t\t\t<\/div>\n\t\t\t\t\t\t<\/div>\n\t\t\t\t\t<\/div>\n\t\t<\/div>\n\t\t\t\t\t\t\t\t<\/div>\n\t\t\t\t\t<\/div>\n\t\t<\/section>\n\t\t\t\t<section class=\"elementor-section elementor-top-section elementor-element elementor-element-72702a4 elementor-section-boxed elementor-section-height-default elementor-section-height-default\" data-id=\"72702a4\" data-element_type=\"section\" data-settings=\"{&quot;background_background&quot;:&quot;classic&quot;}\">\n\t\t\t\t\t\t<div class=\"elementor-container elementor-column-gap-default\">\n\t\t\t\t\t\t\t<div class=\"elementor-row\">\n\t\t\t\t\t<div class=\"elementor-column elementor-col-100 elementor-top-column elementor-element elementor-element-7474527\" data-id=\"7474527\" data-element_type=\"column\">\n\t\t\t<div class=\"elementor-column-wrap elementor-element-populated\">\n\t\t\t\t\t\t\t<div class=\"elementor-widget-wrap\">\n\t\t\t\t\t\t<div class=\"elementor-element elementor-element-e221fcc elementor-widget elementor-widget-heading\" data-id=\"e221fcc\" data-element_type=\"widget\" data-widget_type=\"heading.default\">\n\t\t\t\t<div class=\"elementor-widget-container\">\n\t\t\t<h2 class=\"elementor-heading-title elementor-size-default\">L'eau est-elle suffisante pour une consommation responsable ?<\/h2>\t\t<\/div>\n\t\t\t\t<\/div>\n\t\t\t\t<div class=\"elementor-element elementor-element-2bf0daf elementor-widget elementor-widget-text-editor\" data-id=\"2bf0daf\" data-element_type=\"widget\" data-widget_type=\"text-editor.default\">\n\t\t\t\t<div class=\"elementor-widget-container\">\n\t\t\t\t\t\t\t\t<div class=\"elementor-text-editor elementor-clearfix\">\n\t\t\t\t<p>L&rsquo;eau est un \u00e9l\u00e9ment cl\u00e9 pour :<\/p><p><strong><img decoding=\"async\" loading=\"lazy\" class=\"v-middle alignnone wp-image-5457\" src=\"https:\/\/test-responsible-party.pantheonsite.io\/wp-content\/uploads\/2021\/07\/finger.png\" alt=\"Emoji\" width=\"21\" height=\"21\" \/> Aider votre corps \u00e0 d\u00e9composer l&rsquo;alcool<br \/><\/strong><\/p><p><strong><img decoding=\"async\" loading=\"lazy\" class=\"v-middle alignnone wp-image-5457\" src=\"https:\/\/test-responsible-party.pantheonsite.io\/wp-content\/uploads\/2021\/07\/finger.png\" alt=\"Emoji\" width=\"21\" height=\"21\" \/> Aider \u00e0 prot\u00e9ger votre cerveau<br \/><\/strong><\/p><p>Cependant, d&rsquo;autres \u00e9l\u00e9ments tels que l&rsquo;alimentation, la mod\u00e9ration, le respect, etc. font partie d&rsquo;une consommation responsable.<\/p>\t\t\t\t\t<\/div>\n\t\t\t\t\t\t<\/div>\n\t\t\t\t<\/div>\n\t\t\t\t<div class=\"elementor-element elementor-element-bc51f49 elementor-widget elementor-widget-text-editor\" data-id=\"bc51f49\" data-element_type=\"widget\" data-widget_type=\"text-editor.default\">\n\t\t\t\t<div class=\"elementor-widget-container\">\n\t\t\t\t\t\t\t\t<div class=\"elementor-text-editor elementor-clearfix\">\n\t\t\t\t<p style=\"text-align: center;\"><strong>SOUVENEZ-VOUS DE VOTRE SOIR\u00c9E,<\/strong><br \/>\n<strong>SOUVENEZ-VOUS DE BOIRE DE L&rsquo;EAU.<\/strong><\/p>\n<p style=\"text-align: center;\"><strong>\u00a0<\/strong><\/p>\n\t\t\t\t\t<\/div>\n\t\t\t\t\t\t<\/div>\n\t\t\t\t<\/div>\n\t\t\t\t<section class=\"elementor-section elementor-inner-section elementor-element elementor-element-ac7ba54 elementor-section-boxed elementor-section-height-default elementor-section-height-default\" data-id=\"ac7ba54\" data-element_type=\"section\">\n\t\t\t\t\t\t<div class=\"elementor-container elementor-column-gap-default\">\n\t\t\t\t\t\t\t<div class=\"elementor-row\">\n\t\t\t\t\t<div class=\"elementor-column elementor-col-33 elementor-inner-column elementor-element elementor-element-f5e5d4e\" data-id=\"f5e5d4e\" data-element_type=\"column\">\n\t\t\t<div class=\"elementor-column-wrap elementor-element-populated\">\n\t\t\t\t\t\t\t<div class=\"elementor-widget-wrap\">\n\t\t\t\t\t\t<div class=\"elementor-element elementor-element-704f114 elementor-widget elementor-widget-text-editor\" data-id=\"704f114\" data-element_type=\"widget\" data-widget_type=\"text-editor.default\">\n\t\t\t\t<div class=\"elementor-widget-container\">\n\t\t\t\t\t\t\t\t<div class=\"elementor-text-editor elementor-clearfix\">\n\t\t\t\t<div class=\"page\" title=\"Page 1\">\n<div class=\"section\">\n<div class=\"layoutArea\">\n<div class=\"column\">\n<p style=\"text-align: center;\">Vous trouverez les bonnes pratiques de consommation <a href=\"https:\/\/test-responsible-party.pantheonsite.io\/fr\/responsible-lifestyle#safe-practices\"><strong>ici<\/strong><\/a><\/p>\n<\/div>\n<\/div>\n<\/div>\n<\/div>\n\t\t\t\t\t<\/div>\n\t\t\t\t\t\t<\/div>\n\t\t\t\t<\/div>\n\t\t\t\t\t\t<\/div>\n\t\t\t\t\t<\/div>\n\t\t<\/div>\n\t\t\t\t<div class=\"elementor-column elementor-col-66 elementor-inner-column elementor-element elementor-element-ac32a7d\" data-id=\"ac32a7d\" data-element_type=\"column\">\n\t\t\t<div class=\"elementor-column-wrap elementor-element-populated\">\n\t\t\t\t\t\t\t<div class=\"elementor-widget-wrap\">\n\t\t\t\t\t\t<div class=\"elementor-element elementor-element-be2f02c elementor-widget elementor-widget-text-editor\" data-id=\"be2f02c\" data-element_type=\"widget\" data-widget_type=\"text-editor.default\">\n\t\t\t\t<div class=\"elementor-widget-container\">\n\t\t\t\t\t\t\t\t<div class=\"elementor-text-editor elementor-clearfix\">\n\t\t\t\t<div class=\"page\" title=\"Page 1\">\n<div class=\"section\">\n<div class=\"layoutArea\">\n<div class=\"column\">\n<p style=\"text-align: center;\">Vous souhaitez \u00e9valuer vos habitudes de consommation ?<br \/>\nFaites le test <a href=\"https:\/\/auditscreen.org\/check-your-drinking\/\" target=\"_blank\" rel=\"noopener\"><strong>ici<\/strong><\/a><\/p>\n<\/div>\n<\/div>\n<\/div>\n<\/div>\n\t\t\t\t\t<\/div>\n\t\t\t\t\t\t<\/div>\n\t\t\t\t<\/div>\n\t\t\t\t\t\t<\/div>\n\t\t\t\t\t<\/div>\n\t\t<\/div>\n\t\t\t\t\t\t\t\t<\/div>\n\t\t\t\t\t<\/div>\n\t\t<\/section>\n\t\t\t\t\t\t<\/div>\n\t\t\t\t\t<\/div>\n\t\t<\/div>\n\t\t\t\t\t\t\t\t<\/div>\n\t\t\t\t\t<\/div>\n\t\t<\/section>\n\t\t\t\t<section class=\"elementor-section elementor-top-section elementor-element elementor-element-0fb3845 elementor-section-full_width elementor-section-height-default elementor-section-height-default\" data-id=\"0fb3845\" data-element_type=\"section\">\n\t\t\t\t\t\t<div class=\"elementor-container elementor-column-gap-no\">\n\t\t\t\t\t\t\t<div class=\"elementor-row\">\n\t\t\t\t\t<div class=\"elementor-column elementor-col-100 elementor-top-column elementor-element elementor-element-78fa961\" data-id=\"78fa961\" data-element_type=\"column\">\n\t\t\t<div class=\"elementor-column-wrap elementor-element-populated\">\n\t\t\t\t\t\t\t<div class=\"elementor-widget-wrap\">\n\t\t\t\t\t\t<div class=\"elementor-element elementor-element-3ce98f5 elementor-widget elementor-widget-image\" data-id=\"3ce98f5\" data-element_type=\"widget\" data-widget_type=\"image.default\">\n\t\t\t\t<div class=\"elementor-widget-container\">\n\t\t\t\t\t\t\t\t<div class=\"elementor-image\">\n\t\t\t\t\t\t\t\t\t\t\t\t<img decoding=\"async\" loading=\"lazy\" width=\"2167\" height=\"560\" src=\"https:\/\/www.drinkmore-water.com\/wp-content\/uploads\/2021\/07\/film-1.png\" class=\"attachment-full size-full wp-image-5562\" alt=\"Discover the campaign\" srcset=\"https:\/\/www.drinkmore-water.com\/wp-content\/uploads\/2021\/07\/film-1.png 2167w, https:\/\/www.drinkmore-water.com\/wp-content\/uploads\/2021\/07\/film-1-300x78.png 300w, https:\/\/www.drinkmore-water.com\/wp-content\/uploads\/2021\/07\/film-1-1024x265.png 1024w, https:\/\/www.drinkmore-water.com\/wp-content\/uploads\/2021\/07\/film-1-768x198.png 768w, https:\/\/www.drinkmore-water.com\/wp-content\/uploads\/2021\/07\/film-1-1536x397.png 1536w, https:\/\/www.drinkmore-water.com\/wp-content\/uploads\/2021\/07\/film-1-2048x529.png 2048w\" sizes=\"(max-width: 2167px) 100vw, 2167px\" \/>\t\t\t\t\t\t\t\t\t\t\t\t\t\t<\/div>\n\t\t\t\t\t\t<\/div>\n\t\t\t\t<\/div>\n\t\t\t\t\t\t<\/div>\n\t\t\t\t\t<\/div>\n\t\t<\/div>\n\t\t\t\t\t\t\t\t<\/div>\n\t\t\t\t\t<\/div>\n\t\t<\/section>\n\t\t\t\t<section class=\"elementor-section elementor-top-section elementor-element elementor-element-66fe38e elementor-section-boxed elementor-section-height-default elementor-section-height-default\" data-id=\"66fe38e\" data-element_type=\"section\">\n\t\t\t\t\t\t<div class=\"elementor-container elementor-column-gap-default\">\n\t\t\t\t\t\t\t<div class=\"elementor-row\">\n\t\t\t\t\t<div class=\"elementor-column elementor-col-33 elementor-top-column elementor-element elementor-element-3b541fc\" data-id=\"3b541fc\" data-element_type=\"column\">\n\t\t\t<div class=\"elementor-column-wrap elementor-element-populated\">\n\t\t\t\t\t\t\t<div class=\"elementor-widget-wrap\">\n\t\t\t\t\t\t<div class=\"elementor-element elementor-element-6954bab elementor-align-center elementor-widget elementor-widget-button\" data-id=\"6954bab\" data-element_type=\"widget\" data-widget_type=\"button.default\">\n\t\t\t\t<div class=\"elementor-widget-container\">\n\t\t\t\t\t<div class=\"elementor-button-wrapper\">\n\t\t\t<a href=\"https:\/\/youtu.be\/C4bFdEqw9V8\" target=\"_blank\" class=\"elementor-button-link elementor-button elementor-size-sm\" role=\"button\">\n\t\t\t\t\t\t<span class=\"elementor-button-content-wrapper\">\n\t\t\t\t\t\t<span class=\"elementor-button-text\">Clip court<\/span>\n\t\t<\/span>\n\t\t\t\t\t<\/a>\n\t\t<\/div>\n\t\t\t\t<\/div>\n\t\t\t\t<\/div>\n\t\t\t\t\t\t<\/div>\n\t\t\t\t\t<\/div>\n\t\t<\/div>\n\t\t\t\t<div class=\"elementor-column elementor-col-33 elementor-top-column elementor-element elementor-element-639d528\" data-id=\"639d528\" data-element_type=\"column\">\n\t\t\t<div class=\"elementor-column-wrap elementor-element-populated\">\n\t\t\t\t\t\t\t<div class=\"elementor-widget-wrap\">\n\t\t\t\t\t\t<div class=\"elementor-element elementor-element-9ff8da0 elementor-align-center elementor-widget elementor-widget-button\" data-id=\"9ff8da0\" data-element_type=\"widget\" data-widget_type=\"button.default\">\n\t\t\t\t<div class=\"elementor-widget-container\">\n\t\t\t\t\t<div class=\"elementor-button-wrapper\">\n\t\t\t<a href=\"https:\/\/youtu.be\/hVk8DHc4O1w\" target=\"_blank\" class=\"elementor-button-link elementor-button elementor-size-sm\" role=\"button\">\n\t\t\t\t\t\t<span class=\"elementor-button-content-wrapper\">\n\t\t\t\t\t\t<span class=\"elementor-button-text\">Stories<\/span>\n\t\t<\/span>\n\t\t\t\t\t<\/a>\n\t\t<\/div>\n\t\t\t\t<\/div>\n\t\t\t\t<\/div>\n\t\t\t\t\t\t<\/div>\n\t\t\t\t\t<\/div>\n\t\t<\/div>\n\t\t\t\t<div class=\"elementor-column elementor-col-33 elementor-top-column elementor-element elementor-element-054f7e5\" data-id=\"054f7e5\" data-element_type=\"column\">\n\t\t\t<div class=\"elementor-column-wrap elementor-element-populated\">\n\t\t\t\t\t\t\t<div class=\"elementor-widget-wrap\">\n\t\t\t\t\t\t<div class=\"elementor-element elementor-element-7b5a8d7 elementor-align-center elementor-widget elementor-widget-button\" data-id=\"7b5a8d7\" data-element_type=\"widget\" data-widget_type=\"button.default\">\n\t\t\t\t<div class=\"elementor-widget-container\">\n\t\t\t\t\t<div class=\"elementor-button-wrapper\">\n\t\t\t<a href=\"\/wp-content\/uploads\/2021\/07\/DRINKMORE_VDEF_SITE.pdf\" target=\"_blank\" class=\"elementor-button-link elementor-button elementor-size-sm\" role=\"button\">\n\t\t\t\t\t\t<span class=\"elementor-button-content-wrapper\">\n\t\t\t\t\t\t<span class=\"elementor-button-text\">Affiches<\/span>\n\t\t<\/span>\n\t\t\t\t\t<\/a>\n\t\t<\/div>\n\t\t\t\t<\/div>\n\t\t\t\t<\/div>\n\t\t\t\t\t\t<\/div>\n\t\t\t\t\t<\/div>\n\t\t<\/div>\n\t\t\t\t\t\t\t\t<\/div>\n\t\t\t\t\t<\/div>\n\t\t<\/section>\n\t\t\t\t<section class=\"elementor-section elementor-top-section elementor-element elementor-element-d0aae80 elementor-section-boxed elementor-section-height-default elementor-section-height-default\" data-id=\"d0aae80\" data-element_type=\"section\">\n\t\t\t\t\t\t<div class=\"elementor-container elementor-column-gap-default\">\n\t\t\t\t\t\t\t<div class=\"elementor-row\">\n\t\t\t\t\t<div class=\"elementor-column elementor-col-50 elementor-top-column elementor-element elementor-element-6335930\" data-id=\"6335930\" data-element_type=\"column\">\n\t\t\t<div class=\"elementor-column-wrap elementor-element-populated\">\n\t\t\t\t\t\t\t<div class=\"elementor-widget-wrap\">\n\t\t\t\t\t\t<div class=\"elementor-element elementor-element-e4cac6b elementor-widget elementor-widget-text-editor\" data-id=\"e4cac6b\" data-element_type=\"widget\" id=\"drink-more-btn\" data-widget_type=\"text-editor.default\">\n\t\t\t\t<div class=\"elementor-widget-container\">\n\t\t\t\t\t\t\t\t<div class=\"elementor-text-editor elementor-clearfix\">\n\t\t\t\t<p style=\"text-align: center;\">SOURCES<br \/>\nET MAT\u00c9RIEL<\/p>\n<p><a href=\"#\"><img decoding=\"async\" loading=\"lazy\" class=\"aligncenter wp-image-5500 size-full\" src=\"https:\/\/test-responsible-party.pantheonsite.io\/wp-content\/uploads\/2021\/07\/enveloppe.png\" alt=\"Email\" width=\"42\" height=\"28\" \/><\/a><\/p>\n\t\t\t\t\t<\/div>\n\t\t\t\t\t\t<\/div>\n\t\t\t\t<\/div>\n\t\t\t\t\t\t<\/div>\n\t\t\t\t\t<\/div>\n\t\t<\/div>\n\t\t\t\t<div class=\"elementor-column elementor-col-50 elementor-top-column elementor-element elementor-element-c54cc57 elementor-hidden-desktop elementor-hidden-tablet elementor-hidden-phone\" data-id=\"c54cc57\" data-element_type=\"column\">\n\t\t\t<div class=\"elementor-column-wrap elementor-element-populated\">\n\t\t\t\t\t\t\t<div class=\"elementor-widget-wrap\">\n\t\t\t\t\t\t<div class=\"elementor-element elementor-element-491f41c elementor-widget elementor-widget-text-editor\" data-id=\"491f41c\" data-element_type=\"widget\" data-widget_type=\"text-editor.default\">\n\t\t\t\t<div class=\"elementor-widget-container\">\n\t\t\t\t\t\t\t\t<div class=\"elementor-text-editor elementor-clearfix\">\n\t\t\t\t<p style=\"text-align: center;\"><a href=\"\/wp-content\/uploads\/2021\/07\/2021-06-29-Responsible-Party-Drink-more-Water-campaign-EN.pdf\">COMMUNIQU\u00c9<\/a><br \/>\n<a href=\"\/wp-content\/uploads\/2021\/07\/2021-06-29-Responsible-Party-Drink-more-Water-campaign-EN.pdf\">DE PRESSE<\/a><\/p>\n\t\t\t\t\t<\/div>\n\t\t\t\t\t\t<\/div>\n\t\t\t\t<\/div>\n\t\t\t\t\t\t<\/div>\n\t\t\t\t\t<\/div>\n\t\t<\/div>\n\t\t\t\t\t\t\t\t<\/div>\n\t\t\t\t\t<\/div>\n\t\t<\/section>\n\t\t\t\t<section class=\"elementor-section elementor-top-section elementor-element elementor-element-254ae44 elementor-hidden-desktop elementor-hidden-tablet elementor-hidden-phone elementor-section-boxed elementor-section-height-default elementor-section-height-default\" data-id=\"254ae44\" data-element_type=\"section\" id=\"drink-more-content\">\n\t\t\t\t\t\t<div class=\"elementor-container elementor-column-gap-default\">\n\t\t\t\t\t\t\t<div class=\"elementor-row\">\n\t\t\t\t\t<div class=\"elementor-column elementor-col-100 elementor-top-column elementor-element elementor-element-e617567\" data-id=\"e617567\" data-element_type=\"column\">\n\t\t\t<div class=\"elementor-column-wrap elementor-element-populated\">\n\t\t\t\t\t\t\t<div class=\"elementor-widget-wrap\">\n\t\t\t\t\t\t<div class=\"elementor-element elementor-element-e78ca5c elementor-widget elementor-widget-text-editor\" data-id=\"e78ca5c\" data-element_type=\"widget\" data-widget_type=\"text-editor.default\">\n\t\t\t\t<div class=\"elementor-widget-container\">\n\t\t\t\t\t\t\t\t<div class=\"elementor-text-editor elementor-clearfix\">\n\t\t\t\t<p><strong>Vous trouverez ici une s\u00e9lection de sources :<br \/>\n<\/strong><\/p>\n<p><strong><img decoding=\"async\" loading=\"lazy\" class=\"v-middle alignnone wp-image-5546 size-full\" src=\"https:\/\/test-responsible-party.pantheonsite.io\/wp-content\/uploads\/2021\/07\/drop-white-2.png\" alt=\"\" width=\"24\" height=\"28\" \/> prouvant que l&rsquo;eau peut r\u00e9duire les risques li\u00e9s aux dommages.<\/strong><br \/>\n<a href=\"\/wp-content\/uploads\/2021\/07\/Irwin-et-al-2013.pdf\">Les effets de la d\u00e9shydratation, de la consommation mod\u00e9r\u00e9e d&rsquo;alcool et de la r\u00e9hydratation sur les fonctions cognitives<\/a><br \/>\n<a href=\"\/wp-content\/uploads\/2021\/07\/Kempton-et-al-2011.pdf\">La d\u00e9shydratation affecte la structure et la fonction c\u00e9r\u00e9brales chez des adolescents en bonne sant\u00e9<\/a><\/p>\n<p><img decoding=\"async\" loading=\"lazy\" class=\"v-middle alignnone wp-image-5546 size-full\" src=\"https:\/\/test-responsible-party.pantheonsite.io\/wp-content\/uploads\/2021\/07\/drop-white-2.png\" alt=\"\" width=\"24\" height=\"28\" \/> <strong>Plus d&rsquo;informations sur la GenZ<\/strong><br \/>\n<a href=\"\/wp-content\/uploads\/2021\/07\/Gen-Z-in-the-New-Normal-PDF.pdf\">La g\u00e9n\u00e9ration Z dans la nouvelle normalit\u00e9<\/a><br \/>\n<a href=\"\/wp-content\/uploads\/2021\/07\/FINAL-EXCERPT_VICE-Media-Group-Coronavirus-Youth-Sentiment-Study-4.20.20.pdf\">\u00ab Jeunesse et pand\u00e9mie \u00bb, Vice<\/a><\/p>\n<p><strong><img decoding=\"async\" loading=\"lazy\" class=\"v-middle alignnone wp-image-5546 size-full\" src=\"https:\/\/test-responsible-party.pantheonsite.io\/wp-content\/uploads\/2021\/07\/drop-white-2.png\" alt=\"\" width=\"24\" height=\"28\" \/>Prouvant les effets des campagnes de pr\u00e9vention<\/strong><br \/>\n<a href=\"\/wp-content\/uploads\/2021\/07\/201710-Final-report-Evaluation-Responsible-Party-1.pdf\">\u00c9valuation de Responsible Party<\/a><\/p>\n\t\t\t\t\t<\/div>\n\t\t\t\t\t\t<\/div>\n\t\t\t\t<\/div>\n\t\t\t\t\t\t<\/div>\n\t\t\t\t\t<\/div>\n\t\t<\/div>\n\t\t\t\t\t\t\t\t<\/div>\n\t\t\t\t\t<\/div>\n\t\t<\/section>\n\t\t\t\t<section class=\"elementor-section elementor-top-section elementor-element elementor-element-929a5b5 elementor-section-boxed elementor-section-height-default elementor-section-height-default\" data-id=\"929a5b5\" data-element_type=\"section\">\n\t\t\t\t\t\t<div class=\"elementor-container elementor-column-gap-default\">\n\t\t\t\t\t\t\t<div class=\"elementor-row\">\n\t\t\t\t\t<div class=\"elementor-column elementor-col-100 elementor-top-column elementor-element elementor-element-d9f681d\" data-id=\"d9f681d\" data-element_type=\"column\">\n\t\t\t<div class=\"elementor-column-wrap elementor-element-populated\">\n\t\t\t\t\t\t\t<div class=\"elementor-widget-wrap\">\n\t\t\t\t\t\t<div class=\"elementor-element elementor-element-d99b63a elementor-widget elementor-widget-image\" data-id=\"d99b63a\" data-element_type=\"widget\" data-widget_type=\"image.default\">\n\t\t\t\t<div class=\"elementor-widget-container\">\n\t\t\t\t\t\t\t\t<div class=\"elementor-image\">\n\t\t\t\t\t\t\t\t\t\t\t\t<img decoding=\"async\" loading=\"lazy\" width=\"1129\" height=\"128\" src=\"https:\/\/www.drinkmore-water.com\/wp-content\/uploads\/2021\/07\/blink2.gif\" class=\"attachment-full size-full wp-image-6575\" alt=\"Drink More Water\" \/>\t\t\t\t\t\t\t\t\t\t\t\t\t\t<\/div>\n\t\t\t\t\t\t<\/div>\n\t\t\t\t<\/div>\n\t\t\t\t\t\t<\/div>\n\t\t\t\t\t<\/div>\n\t\t<\/div>\n\t\t\t\t\t\t\t\t<\/div>\n\t\t\t\t\t<\/div>\n\t\t<\/section>\n\t\t\t\t\t\t\t\t\t<\/div>\n\t\t\t<\/div>\n\t\t\t\t\t<\/div>\n\t\t","protected":false},"excerpt":{"rendered":"<p>Pourquoi Drink More Water\u00a0? Responsible Party lance une nouvelle campagne digitale, dans la lign\u00e9e de son engagement \u00e0 promouvoir des comportements de consommation d&rsquo;alcool responsable et \u00e0 lutter contre le binge drinking chez les jeunes adultes en Europe et au-del\u00e0. Le monde a \u00e9t\u00e9 mis sous cloche l&rsquo;an dernier et, maintenant que l&rsquo;\u00e9t\u00e9 commence dans [&hellip;]<\/p>\n","protected":false},"author":1,"featured_media":0,"parent":0,"menu_order":0,"comment_status":"closed","ping_status":"closed","template":"","meta":{"footnotes":""},"_links":{"self":[{"href":"https:\/\/www.drinkmore-water.com\/fr\/wp-json\/wp\/v2\/pages\/7118"}],"collection":[{"href":"https:\/\/www.drinkmore-water.com\/fr\/wp-json\/wp\/v2\/pages"}],"about":[{"href":"https:\/\/www.drinkmore-water.com\/fr\/wp-json\/wp\/v2\/types\/page"}],"author":[{"embeddable":true,"href":"https:\/\/www.drinkmore-water.com\/fr\/wp-json\/wp\/v2\/users\/1"}],"replies":[{"embeddable":true,"href":"https:\/\/www.drinkmore-water.com\/fr\/wp-json\/wp\/v2\/comments?post=7118"}],"version-history":[{"count":0,"href":"https:\/\/www.drinkmore-water.com\/fr\/wp-json\/wp\/v2\/pages\/7118\/revisions"}],"wp:attachment":[{"href":"https:\/\/www.drinkmore-water.com\/fr\/wp-json\/wp\/v2\/media?parent=7118"}],"curies":[{"name":"wp","href":"https:\/\/api.w.org\/{rel}","templated":true}]}}