{"id":6799,"date":"2021-07-29T03:18:49","date_gmt":"2021-07-29T01:18:49","guid":{"rendered":"https:\/\/www.responsible-party.com\/drink-more"},"modified":"2021-08-09T16:34:36","modified_gmt":"2021-08-09T14:34:36","slug":"drink-more","status":"publish","type":"page","link":"https:\/\/www.drinkmore-water.com\/es\/drink-more","title":{"rendered":"Drink More."},"content":{"rendered":"\t\t<div data-elementor-type=\"wp-page\" data-elementor-id=\"6799\" class=\"elementor elementor-6799 elementor-5429\">\n\t\t\t\t\t\t<div class=\"elementor-inner\">\n\t\t\t\t<div class=\"elementor-section-wrap\">\n\t\t\t\t\t\t\t\t\t<section class=\"elementor-section elementor-top-section elementor-element elementor-element-3dbacf6 elementor-section-boxed elementor-section-height-default elementor-section-height-default\" data-id=\"3dbacf6\" data-element_type=\"section\">\n\t\t\t\t\t\t<div class=\"elementor-container elementor-column-gap-default\">\n\t\t\t\t\t\t\t<div class=\"elementor-row\">\n\t\t\t\t\t<div class=\"elementor-column elementor-col-100 elementor-top-column elementor-element elementor-element-ea09976\" data-id=\"ea09976\" data-element_type=\"column\">\n\t\t\t<div class=\"elementor-column-wrap elementor-element-populated\">\n\t\t\t\t\t\t\t<div class=\"elementor-widget-wrap\">\n\t\t\t\t\t\t<div class=\"elementor-element elementor-element-3bd940a elementor-widget elementor-widget-image\" data-id=\"3bd940a\" data-element_type=\"widget\" data-widget_type=\"image.default\">\n\t\t\t\t<div class=\"elementor-widget-container\">\n\t\t\t\t\t\t\t\t<div class=\"elementor-image\">\n\t\t\t\t\t\t\t\t\t\t\t\t<img decoding=\"async\" loading=\"lazy\" width=\"3244\" height=\"458\" src=\"https:\/\/www.drinkmore-water.com\/wp-content\/uploads\/2021\/07\/drink-more.png\" class=\"attachment-full size-full wp-image-5434\" alt=\"Drink More.\" srcset=\"https:\/\/www.drinkmore-water.com\/wp-content\/uploads\/2021\/07\/drink-more.png 3244w, https:\/\/www.drinkmore-water.com\/wp-content\/uploads\/2021\/07\/drink-more-300x42.png 300w, https:\/\/www.drinkmore-water.com\/wp-content\/uploads\/2021\/07\/drink-more-1024x145.png 1024w, https:\/\/www.drinkmore-water.com\/wp-content\/uploads\/2021\/07\/drink-more-768x108.png 768w, https:\/\/www.drinkmore-water.com\/wp-content\/uploads\/2021\/07\/drink-more-1536x217.png 1536w, https:\/\/www.drinkmore-water.com\/wp-content\/uploads\/2021\/07\/drink-more-2048x289.png 2048w\" sizes=\"(max-width: 3244px) 100vw, 3244px\" \/>\t\t\t\t\t\t\t\t\t\t\t\t\t\t<\/div>\n\t\t\t\t\t\t<\/div>\n\t\t\t\t<\/div>\n\t\t\t\t\t\t<\/div>\n\t\t\t\t\t<\/div>\n\t\t<\/div>\n\t\t\t\t\t\t\t\t<\/div>\n\t\t\t\t\t<\/div>\n\t\t<\/section>\n\t\t\t\t<section class=\"elementor-section elementor-top-section elementor-element elementor-element-a4e5dc7 elementor-section-boxed elementor-section-height-default elementor-section-height-default\" data-id=\"a4e5dc7\" data-element_type=\"section\" data-settings=\"{&quot;background_background&quot;:&quot;classic&quot;}\">\n\t\t\t\t\t\t<div class=\"elementor-container elementor-column-gap-default\">\n\t\t\t\t\t\t\t<div class=\"elementor-row\">\n\t\t\t\t\t<div class=\"elementor-column elementor-col-100 elementor-top-column elementor-element elementor-element-c429592\" data-id=\"c429592\" data-element_type=\"column\">\n\t\t\t<div class=\"elementor-column-wrap elementor-element-populated\">\n\t\t\t\t\t\t\t<div class=\"elementor-widget-wrap\">\n\t\t\t\t\t\t<div class=\"elementor-element elementor-element-63dc83f elementor-widget elementor-widget-heading\" data-id=\"63dc83f\" data-element_type=\"widget\" data-widget_type=\"heading.default\">\n\t\t\t\t<div class=\"elementor-widget-container\">\n\t\t\t<h2 class=\"elementor-heading-title elementor-size-default\">\u00bfPor qu\u00e9 te decimos de beber m\u00e1s agua?<\/h2>\t\t<\/div>\n\t\t\t\t<\/div>\n\t\t\t\t<div class=\"elementor-element elementor-element-5aa202e elementor-widget elementor-widget-text-editor\" data-id=\"5aa202e\" data-element_type=\"widget\" data-widget_type=\"text-editor.default\">\n\t\t\t\t<div class=\"elementor-widget-container\">\n\t\t\t\t\t\t\t\t<div class=\"elementor-text-editor elementor-clearfix\">\n\t\t\t\t<p>Continuando con su compromiso de promover un consumo responsable y combatir el consumo excesivo de alcohol entre los adultos j\u00f3venes de Europa y otros continentes, la iniciativa Responsible Party ha decidido ir un paso m\u00e1s all\u00e1.<\/p>\n<p>El mundo se ha detenido durante el \u00faltimo a\u00f1o y, a medida que empieza el verano en el hemisferio norte, sabemos que te est\u00e1s preparando de nuevo para la fiesta y para recuperar el tiempo perdido. Dado este contexto, sabemos que el riesgo de da\u00f1os relacionados con el alcohol es alto.<\/p>\n<p><strong>Al optar por un enfoque disruptivo, nuestro objetivo es concienciar sobre las consecuencias de las conductas nocivas y recordar a todos los adultos j\u00f3venes la importancia del agua y la hidrataci\u00f3n si beben alcohol. <\/strong><\/p>\n<p>Sobre la base de nuestra experiencia de 12 a\u00f1os en este \u00e1mbito, creemos que podemos capacitarte para que tomes la decisi\u00f3n correcta. En pocas palabras, <strong>queremos animarte a Drink more Water<\/strong><\/p>\n<p>El agua te ayuda a mantenerte hidratado y a proteger tu cerebro. Beber agua no acelerar\u00e1 el procesamiento del alcohol, pero tu cuerpo necesita agua para descomponerlo y eliminarlo en la orina. Por lo tanto, es una buena idea beber mucha agua cuando se bebe alcohol para evitar la deshidrataci\u00f3n. Mantenerte hidratado ayudar\u00e1 a tu cuerpo a procesar el alcohol que consumas.<\/p>\n\t\t\t\t\t<\/div>\n\t\t\t\t\t\t<\/div>\n\t\t\t\t<\/div>\n\t\t\t\t<div class=\"elementor-element elementor-element-4b7a300 elementor-widget elementor-widget-text-editor\" data-id=\"4b7a300\" data-element_type=\"widget\" data-widget_type=\"text-editor.default\">\n\t\t\t\t<div class=\"elementor-widget-container\">\n\t\t\t\t\t\t\t\t<div class=\"elementor-text-editor elementor-clearfix\">\n\t\t\t\t<p style=\"text-align: center;\"><strong>RECUERDA TU NOCHE,<\/strong><br \/><strong> RECUERDA BEBER AGUA.<\/strong><\/p>\n\t\t\t\t\t<\/div>\n\t\t\t\t\t\t<\/div>\n\t\t\t\t<\/div>\n\t\t\t\t\t\t<\/div>\n\t\t\t\t\t<\/div>\n\t\t<\/div>\n\t\t\t\t\t\t\t\t<\/div>\n\t\t\t\t\t<\/div>\n\t\t<\/section>\n\t\t\t\t<section class=\"elementor-section elementor-top-section elementor-element elementor-element-72702a4 elementor-section-boxed elementor-section-height-default elementor-section-height-default\" data-id=\"72702a4\" data-element_type=\"section\" data-settings=\"{&quot;background_background&quot;:&quot;classic&quot;}\">\n\t\t\t\t\t\t<div class=\"elementor-container elementor-column-gap-default\">\n\t\t\t\t\t\t\t<div class=\"elementor-row\">\n\t\t\t\t\t<div class=\"elementor-column elementor-col-100 elementor-top-column elementor-element elementor-element-7474527\" data-id=\"7474527\" data-element_type=\"column\">\n\t\t\t<div class=\"elementor-column-wrap elementor-element-populated\">\n\t\t\t\t\t\t\t<div class=\"elementor-widget-wrap\">\n\t\t\t\t\t\t<div class=\"elementor-element elementor-element-e221fcc elementor-widget elementor-widget-heading\" data-id=\"e221fcc\" data-element_type=\"widget\" data-widget_type=\"heading.default\">\n\t\t\t\t<div class=\"elementor-widget-container\">\n\t\t\t<h2 class=\"elementor-heading-title elementor-size-default\">\u00bfEs suficiente el agua para beber de manera responsable?<\/h2>\t\t<\/div>\n\t\t\t\t<\/div>\n\t\t\t\t<div class=\"elementor-element elementor-element-2bf0daf elementor-widget elementor-widget-text-editor\" data-id=\"2bf0daf\" data-element_type=\"widget\" data-widget_type=\"text-editor.default\">\n\t\t\t\t<div class=\"elementor-widget-container\">\n\t\t\t\t\t\t\t\t<div class=\"elementor-text-editor elementor-clearfix\">\n\t\t\t\t<p>El agua es un elemento clave para:<\/p><p><strong><img decoding=\"async\" loading=\"lazy\" class=\"v-middle alignnone wp-image-5459\" src=\"https:\/\/test-responsible-party.pantheonsite.io\/wp-content\/uploads\/2021\/07\/finger.png\" alt=\"Emoji\" width=\"21\" height=\"21\" \/> Ayudar a tu cuerpo a procesar el alcohol<br \/><\/strong><\/p><p><strong><img decoding=\"async\" loading=\"lazy\" class=\"v-middle alignnone wp-image-5459\" src=\"https:\/\/test-responsible-party.pantheonsite.io\/wp-content\/uploads\/2021\/07\/finger.png\" alt=\"Emoji\" width=\"21\" height=\"21\" \/> Ayudar a mantener tu cerebro a salvo <br \/><\/strong><\/p><p>Sin embargo, beber de manera responsable incluye otros elementos como la comida, la moderaci\u00f3n, el respeto&#8230;<\/p>\t\t\t\t\t<\/div>\n\t\t\t\t\t\t<\/div>\n\t\t\t\t<\/div>\n\t\t\t\t<div class=\"elementor-element elementor-element-bc51f49 elementor-widget elementor-widget-text-editor\" data-id=\"bc51f49\" data-element_type=\"widget\" data-widget_type=\"text-editor.default\">\n\t\t\t\t<div class=\"elementor-widget-container\">\n\t\t\t\t\t\t\t\t<div class=\"elementor-text-editor elementor-clearfix\">\n\t\t\t\t<p style=\"text-align: center;\"><strong>RECUERDA TU NOCHE,<\/strong><br \/><strong> RECUERDA BEBER AGUA.<\/strong><\/p>\n\t\t\t\t\t<\/div>\n\t\t\t\t\t\t<\/div>\n\t\t\t\t<\/div>\n\t\t\t\t<section class=\"elementor-section elementor-inner-section elementor-element elementor-element-ac7ba54 elementor-section-boxed elementor-section-height-default elementor-section-height-default\" data-id=\"ac7ba54\" data-element_type=\"section\">\n\t\t\t\t\t\t<div class=\"elementor-container elementor-column-gap-default\">\n\t\t\t\t\t\t\t<div class=\"elementor-row\">\n\t\t\t\t\t<div class=\"elementor-column elementor-col-33 elementor-inner-column elementor-element elementor-element-f5e5d4e\" data-id=\"f5e5d4e\" data-element_type=\"column\">\n\t\t\t<div class=\"elementor-column-wrap elementor-element-populated\">\n\t\t\t\t\t\t\t<div class=\"elementor-widget-wrap\">\n\t\t\t\t\t\t<div class=\"elementor-element elementor-element-704f114 elementor-widget elementor-widget-text-editor\" data-id=\"704f114\" data-element_type=\"widget\" data-widget_type=\"text-editor.default\">\n\t\t\t\t<div class=\"elementor-widget-container\">\n\t\t\t\t\t\t\t\t<div class=\"elementor-text-editor elementor-clearfix\">\n\t\t\t\t<div class=\"page\" title=\"Page 1\">\n<div class=\"section\">\n<div class=\"layoutArea\">\n<div class=\"column\">\n<p style=\"text-align: center;\">Puede encontrar buenas pr\u00e1cticas y seguras aqu\u00ed: <a href=\"https:\/\/test-responsible-party.pantheonsite.io\/es\/estilo-de-vida-responsable#safe-practices\"><strong> Estilo de vida responsable &#8211; Responsible Party (responsible-party.com)<\/strong><\/a><\/p>\n<\/div>\n<\/div>\n<\/div>\n<\/div>\n\t\t\t\t\t<\/div>\n\t\t\t\t\t\t<\/div>\n\t\t\t\t<\/div>\n\t\t\t\t\t\t<\/div>\n\t\t\t\t\t<\/div>\n\t\t<\/div>\n\t\t\t\t<div class=\"elementor-column elementor-col-66 elementor-inner-column elementor-element elementor-element-ac32a7d\" data-id=\"ac32a7d\" data-element_type=\"column\">\n\t\t\t<div class=\"elementor-column-wrap elementor-element-populated\">\n\t\t\t\t\t\t\t<div class=\"elementor-widget-wrap\">\n\t\t\t\t\t\t<div class=\"elementor-element elementor-element-be2f02c elementor-widget elementor-widget-text-editor\" data-id=\"be2f02c\" data-element_type=\"widget\" data-widget_type=\"text-editor.default\">\n\t\t\t\t<div class=\"elementor-widget-container\">\n\t\t\t\t\t\t\t\t<div class=\"elementor-text-editor elementor-clearfix\">\n\t\t\t\t<div class=\"page\" title=\"Page 1\">\n<div class=\"section\">\n<div class=\"layoutArea\">\n<div class=\"column\">\n<p style=\"text-align: center;\">\u00bfEst\u00e1s interesado en comprobar tus h\u00e1bitos de consumo de alcohol? Realiza el test de control aqu\u00ed: <a href=\"https:\/\/auditscreen.org\/check-your-drinking\/\" target=\"_blank\" rel=\"noopener\"><strong>Autotest de alcohol (auditscreen.org)<\/strong><\/a><\/p>\n<\/div>\n<\/div>\n<\/div>\n<\/div>\n\t\t\t\t\t<\/div>\n\t\t\t\t\t\t<\/div>\n\t\t\t\t<\/div>\n\t\t\t\t\t\t<\/div>\n\t\t\t\t\t<\/div>\n\t\t<\/div>\n\t\t\t\t\t\t\t\t<\/div>\n\t\t\t\t\t<\/div>\n\t\t<\/section>\n\t\t\t\t\t\t<\/div>\n\t\t\t\t\t<\/div>\n\t\t<\/div>\n\t\t\t\t\t\t\t\t<\/div>\n\t\t\t\t\t<\/div>\n\t\t<\/section>\n\t\t\t\t<section class=\"elementor-section elementor-top-section elementor-element elementor-element-0fb3845 elementor-section-full_width elementor-section-height-default elementor-section-height-default\" data-id=\"0fb3845\" data-element_type=\"section\">\n\t\t\t\t\t\t<div class=\"elementor-container elementor-column-gap-no\">\n\t\t\t\t\t\t\t<div class=\"elementor-row\">\n\t\t\t\t\t<div class=\"elementor-column elementor-col-100 elementor-top-column elementor-element elementor-element-78fa961\" data-id=\"78fa961\" data-element_type=\"column\">\n\t\t\t<div class=\"elementor-column-wrap elementor-element-populated\">\n\t\t\t\t\t\t\t<div class=\"elementor-widget-wrap\">\n\t\t\t\t\t\t<div class=\"elementor-element elementor-element-3ce98f5 elementor-widget elementor-widget-image\" data-id=\"3ce98f5\" data-element_type=\"widget\" data-widget_type=\"image.default\">\n\t\t\t\t<div class=\"elementor-widget-container\">\n\t\t\t\t\t\t\t\t<div class=\"elementor-image\">\n\t\t\t\t\t\t\t\t\t\t\t\t<img decoding=\"async\" loading=\"lazy\" width=\"2167\" height=\"560\" src=\"https:\/\/www.drinkmore-water.com\/wp-content\/uploads\/2021\/07\/film-1.png\" class=\"attachment-full size-full wp-image-5564\" alt=\"Discover the campaign\" srcset=\"https:\/\/www.drinkmore-water.com\/wp-content\/uploads\/2021\/07\/film-1.png 2167w, https:\/\/www.drinkmore-water.com\/wp-content\/uploads\/2021\/07\/film-1-300x78.png 300w, https:\/\/www.drinkmore-water.com\/wp-content\/uploads\/2021\/07\/film-1-1024x265.png 1024w, https:\/\/www.drinkmore-water.com\/wp-content\/uploads\/2021\/07\/film-1-768x198.png 768w, https:\/\/www.drinkmore-water.com\/wp-content\/uploads\/2021\/07\/film-1-1536x397.png 1536w, https:\/\/www.drinkmore-water.com\/wp-content\/uploads\/2021\/07\/film-1-2048x529.png 2048w\" sizes=\"(max-width: 2167px) 100vw, 2167px\" \/>\t\t\t\t\t\t\t\t\t\t\t\t\t\t<\/div>\n\t\t\t\t\t\t<\/div>\n\t\t\t\t<\/div>\n\t\t\t\t\t\t<\/div>\n\t\t\t\t\t<\/div>\n\t\t<\/div>\n\t\t\t\t\t\t\t\t<\/div>\n\t\t\t\t\t<\/div>\n\t\t<\/section>\n\t\t\t\t<section class=\"elementor-section elementor-top-section elementor-element elementor-element-66fe38e elementor-section-boxed elementor-section-height-default elementor-section-height-default\" data-id=\"66fe38e\" data-element_type=\"section\">\n\t\t\t\t\t\t<div class=\"elementor-container elementor-column-gap-default\">\n\t\t\t\t\t\t\t<div class=\"elementor-row\">\n\t\t\t\t\t<div class=\"elementor-column elementor-col-33 elementor-top-column elementor-element elementor-element-3b541fc\" data-id=\"3b541fc\" data-element_type=\"column\">\n\t\t\t<div class=\"elementor-column-wrap elementor-element-populated\">\n\t\t\t\t\t\t\t<div class=\"elementor-widget-wrap\">\n\t\t\t\t\t\t<div class=\"elementor-element elementor-element-6954bab elementor-align-center elementor-widget elementor-widget-button\" data-id=\"6954bab\" data-element_type=\"widget\" data-widget_type=\"button.default\">\n\t\t\t\t<div class=\"elementor-widget-container\">\n\t\t\t\t\t<div class=\"elementor-button-wrapper\">\n\t\t\t<a href=\"https:\/\/youtu.be\/C4bFdEqw9V8\" target=\"_blank\" class=\"elementor-button-link elementor-button elementor-size-sm\" role=\"button\">\n\t\t\t\t\t\t<span class=\"elementor-button-content-wrapper\">\n\t\t\t\t\t\t<span class=\"elementor-button-text\">Videoclip corto<\/span>\n\t\t<\/span>\n\t\t\t\t\t<\/a>\n\t\t<\/div>\n\t\t\t\t<\/div>\n\t\t\t\t<\/div>\n\t\t\t\t\t\t<\/div>\n\t\t\t\t\t<\/div>\n\t\t<\/div>\n\t\t\t\t<div class=\"elementor-column elementor-col-33 elementor-top-column elementor-element elementor-element-639d528\" data-id=\"639d528\" data-element_type=\"column\">\n\t\t\t<div class=\"elementor-column-wrap elementor-element-populated\">\n\t\t\t\t\t\t\t<div class=\"elementor-widget-wrap\">\n\t\t\t\t\t\t<div class=\"elementor-element elementor-element-9ff8da0 elementor-align-center elementor-widget elementor-widget-button\" data-id=\"9ff8da0\" data-element_type=\"widget\" data-widget_type=\"button.default\">\n\t\t\t\t<div class=\"elementor-widget-container\">\n\t\t\t\t\t<div class=\"elementor-button-wrapper\">\n\t\t\t<a href=\"https:\/\/youtu.be\/hVk8DHc4O1w\" target=\"_blank\" class=\"elementor-button-link elementor-button elementor-size-sm\" role=\"button\">\n\t\t\t\t\t\t<span class=\"elementor-button-content-wrapper\">\n\t\t\t\t\t\t<span class=\"elementor-button-text\">Historias<\/span>\n\t\t<\/span>\n\t\t\t\t\t<\/a>\n\t\t<\/div>\n\t\t\t\t<\/div>\n\t\t\t\t<\/div>\n\t\t\t\t\t\t<\/div>\n\t\t\t\t\t<\/div>\n\t\t<\/div>\n\t\t\t\t<div class=\"elementor-column elementor-col-33 elementor-top-column elementor-element elementor-element-054f7e5\" data-id=\"054f7e5\" data-element_type=\"column\">\n\t\t\t<div class=\"elementor-column-wrap elementor-element-populated\">\n\t\t\t\t\t\t\t<div class=\"elementor-widget-wrap\">\n\t\t\t\t\t\t<div class=\"elementor-element elementor-element-7b5a8d7 elementor-align-center elementor-widget elementor-widget-button\" data-id=\"7b5a8d7\" data-element_type=\"widget\" data-widget_type=\"button.default\">\n\t\t\t\t<div class=\"elementor-widget-container\">\n\t\t\t\t\t<div class=\"elementor-button-wrapper\">\n\t\t\t<a href=\"\/wp-content\/uploads\/2021\/07\/DRINK_MORE.pdf\" target=\"_blank\" class=\"elementor-button-link elementor-button elementor-size-sm\" role=\"button\">\n\t\t\t\t\t\t<span class=\"elementor-button-content-wrapper\">\n\t\t\t\t\t\t<span class=\"elementor-button-text\">Impresos<\/span>\n\t\t<\/span>\n\t\t\t\t\t<\/a>\n\t\t<\/div>\n\t\t\t\t<\/div>\n\t\t\t\t<\/div>\n\t\t\t\t\t\t<\/div>\n\t\t\t\t\t<\/div>\n\t\t<\/div>\n\t\t\t\t\t\t\t\t<\/div>\n\t\t\t\t\t<\/div>\n\t\t<\/section>\n\t\t\t\t<section class=\"elementor-section elementor-top-section elementor-element elementor-element-d0aae80 elementor-section-boxed elementor-section-height-default elementor-section-height-default\" data-id=\"d0aae80\" data-element_type=\"section\">\n\t\t\t\t\t\t<div class=\"elementor-container elementor-column-gap-default\">\n\t\t\t\t\t\t\t<div class=\"elementor-row\">\n\t\t\t\t\t<div class=\"elementor-column elementor-col-50 elementor-top-column elementor-element elementor-element-6335930\" data-id=\"6335930\" data-element_type=\"column\">\n\t\t\t<div class=\"elementor-column-wrap elementor-element-populated\">\n\t\t\t\t\t\t\t<div class=\"elementor-widget-wrap\">\n\t\t\t\t\t\t<div class=\"elementor-element elementor-element-e4cac6b elementor-widget elementor-widget-text-editor\" data-id=\"e4cac6b\" data-element_type=\"widget\" id=\"drink-more-btn\" data-widget_type=\"text-editor.default\">\n\t\t\t\t<div class=\"elementor-widget-container\">\n\t\t\t\t\t\t\t\t<div class=\"elementor-text-editor elementor-clearfix\">\n\t\t\t\t<p style=\"text-align: center;\">RECURSOS<br \/>\nY MATERIALES<\/p>\n<p><a href=\"#\"><img decoding=\"async\" loading=\"lazy\" class=\"aligncenter wp-image-5502 size-full\" src=\"https:\/\/test-responsible-party.pantheonsite.io\/wp-content\/uploads\/2021\/07\/enveloppe.png\" alt=\"Email\" width=\"42\" height=\"28\" \/><\/a><\/p>\n\t\t\t\t\t<\/div>\n\t\t\t\t\t\t<\/div>\n\t\t\t\t<\/div>\n\t\t\t\t\t\t<\/div>\n\t\t\t\t\t<\/div>\n\t\t<\/div>\n\t\t\t\t<div class=\"elementor-column elementor-col-50 elementor-top-column elementor-element elementor-element-c54cc57\" data-id=\"c54cc57\" data-element_type=\"column\">\n\t\t\t<div class=\"elementor-column-wrap elementor-element-populated\">\n\t\t\t\t\t\t\t<div class=\"elementor-widget-wrap\">\n\t\t\t\t\t\t<div class=\"elementor-element elementor-element-491f41c elementor-widget elementor-widget-text-editor\" data-id=\"491f41c\" data-element_type=\"widget\" data-widget_type=\"text-editor.default\">\n\t\t\t\t<div class=\"elementor-widget-container\">\n\t\t\t\t\t\t\t\t<div class=\"elementor-text-editor elementor-clearfix\">\n\t\t\t\t<p style=\"text-align: center;\"><a href=\"#\">PRESIONE<\/a><br \/>\nSOLTAR<\/p>\n\t\t\t\t\t<\/div>\n\t\t\t\t\t\t<\/div>\n\t\t\t\t<\/div>\n\t\t\t\t\t\t<\/div>\n\t\t\t\t\t<\/div>\n\t\t<\/div>\n\t\t\t\t\t\t\t\t<\/div>\n\t\t\t\t\t<\/div>\n\t\t<\/section>\n\t\t\t\t<section class=\"elementor-section elementor-top-section elementor-element elementor-element-254ae44 elementor-hidden-desktop elementor-hidden-tablet elementor-hidden-phone elementor-section-boxed elementor-section-height-default elementor-section-height-default\" data-id=\"254ae44\" data-element_type=\"section\" id=\"drink-more-content\">\n\t\t\t\t\t\t<div class=\"elementor-container elementor-column-gap-default\">\n\t\t\t\t\t\t\t<div class=\"elementor-row\">\n\t\t\t\t\t<div class=\"elementor-column elementor-col-100 elementor-top-column elementor-element elementor-element-e617567\" data-id=\"e617567\" data-element_type=\"column\">\n\t\t\t<div class=\"elementor-column-wrap elementor-element-populated\">\n\t\t\t\t\t\t\t<div class=\"elementor-widget-wrap\">\n\t\t\t\t\t\t<div class=\"elementor-element elementor-element-e78ca5c elementor-widget elementor-widget-text-editor\" data-id=\"e78ca5c\" data-element_type=\"widget\" data-widget_type=\"text-editor.default\">\n\t\t\t\t<div class=\"elementor-widget-container\">\n\t\t\t\t\t\t\t\t<div class=\"elementor-text-editor elementor-clearfix\">\n\t\t\t\t<p><strong>Encontrar\u00e1s aqu\u00ed una selecci\u00f3n de recursos<br \/>\n<\/strong><\/p>\n<p><strong><img decoding=\"async\" loading=\"lazy\" class=\"v-middle alignnone wp-image-5548 size-full\" src=\"https:\/\/test-responsible-party.pantheonsite.io\/wp-content\/uploads\/2021\/07\/drop-white-2.png\" alt=\"\" width=\"24\" height=\"28\" \/> Que demuestran que el agua puede reducir los riesgos relacionados con los da\u00f1os.<\/strong><br \/>\n<a href=\"\/wp-content\/uploads\/2021\/07\/Irwin-et-al-2013.pdf\">Los efectos de la deshidrataci\u00f3n, el consumo moderado de alcohol y la rehidrataci\u00f3n en las funciones cognitivas (PDF)<br \/>\n<\/a><br \/>\n<a href=\"\/wp-content\/uploads\/2021\/07\/Kempton-et-al-2011.pdf\">La deshidrataci\u00f3n afecta la estructura y funci\u00f3n del cerebro en adolescentes sanos.<\/a><\/p>\n<p><strong><img decoding=\"async\" loading=\"lazy\" class=\"v-middle alignnone wp-image-5548 size-full\" src=\"https:\/\/test-responsible-party.pantheonsite.io\/wp-content\/uploads\/2021\/07\/drop-white-2.png\" alt=\"\" width=\"24\" height=\"28\" \/> M\u00e1s informaci\u00f3n sobre la Generaci\u00f3n Z<\/strong><br \/>\n<a href=\"\/wp-content\/uploads\/2021\/07\/Gen-Z-in-the-New-Normal-PDF.pdf\">La Generaci\u00f3n Z en la nueva normalidad (PDF)<\/a><br \/>\n<a href=\"\/wp-content\/uploads\/2021\/07\/FINAL-EXCERPT_VICE-Media-Group-Coronavirus-Youth-Sentiment-Study-4.20.20.pdf\">\u00abJuventud y pandemia\u00bb, Vice:\u00bb<\/a><\/p>\n<p><strong><img decoding=\"async\" loading=\"lazy\" class=\"v-middle alignnone wp-image-5548 size-full\" src=\"https:\/\/test-responsible-party.pantheonsite.io\/wp-content\/uploads\/2021\/07\/drop-white-2.png\" alt=\"\" width=\"24\" height=\"28\" \/> Comprobaci\u00f3n de los efectos de las campa\u00f1as de prevenci\u00f3n<br \/>\n<\/strong><br \/>\n<a href=\"\/wp-content\/uploads\/2021\/07\/201710-Final-report-Evaluation-Responsible-Party-1.pdf\">Evaluaci\u00f3n de Responsible Party (PDF)<br \/>\n<\/a><\/p>\n\t\t\t\t\t<\/div>\n\t\t\t\t\t\t<\/div>\n\t\t\t\t<\/div>\n\t\t\t\t\t\t<\/div>\n\t\t\t\t\t<\/div>\n\t\t<\/div>\n\t\t\t\t\t\t\t\t<\/div>\n\t\t\t\t\t<\/div>\n\t\t<\/section>\n\t\t\t\t<section class=\"elementor-section elementor-top-section elementor-element elementor-element-929a5b5 elementor-section-boxed elementor-section-height-default elementor-section-height-default\" data-id=\"929a5b5\" data-element_type=\"section\">\n\t\t\t\t\t\t<div class=\"elementor-container elementor-column-gap-default\">\n\t\t\t\t\t\t\t<div class=\"elementor-row\">\n\t\t\t\t\t<div class=\"elementor-column elementor-col-100 elementor-top-column elementor-element elementor-element-d9f681d\" data-id=\"d9f681d\" data-element_type=\"column\">\n\t\t\t<div class=\"elementor-column-wrap elementor-element-populated\">\n\t\t\t\t\t\t\t<div class=\"elementor-widget-wrap\">\n\t\t\t\t\t\t<div class=\"elementor-element elementor-element-d99b63a elementor-widget elementor-widget-image\" data-id=\"d99b63a\" data-element_type=\"widget\" data-widget_type=\"image.default\">\n\t\t\t\t<div class=\"elementor-widget-container\">\n\t\t\t\t\t\t\t\t<div class=\"elementor-image\">\n\t\t\t\t\t\t\t\t\t\t\t\t<img decoding=\"async\" loading=\"lazy\" width=\"1129\" height=\"128\" src=\"https:\/\/www.drinkmore-water.com\/wp-content\/uploads\/2021\/07\/blink2.gif\" class=\"attachment-full size-full wp-image-6580\" alt=\"Drink More Water\" \/>\t\t\t\t\t\t\t\t\t\t\t\t\t\t<\/div>\n\t\t\t\t\t\t<\/div>\n\t\t\t\t<\/div>\n\t\t\t\t\t\t<\/div>\n\t\t\t\t\t<\/div>\n\t\t<\/div>\n\t\t\t\t\t\t\t\t<\/div>\n\t\t\t\t\t<\/div>\n\t\t<\/section>\n\t\t\t\t\t\t\t\t\t<\/div>\n\t\t\t<\/div>\n\t\t\t\t\t<\/div>\n\t\t","protected":false},"excerpt":{"rendered":"<p>\u00bfPor qu\u00e9 te decimos de beber m\u00e1s agua? Continuando con su compromiso de promover un consumo responsable y combatir el consumo excesivo de alcohol entre los adultos j\u00f3venes de Europa y otros continentes, la iniciativa Responsible Party ha decidido ir un paso m\u00e1s all\u00e1. El mundo se ha detenido durante el \u00faltimo a\u00f1o y, a [&hellip;]<\/p>\n","protected":false},"author":1,"featured_media":0,"parent":0,"menu_order":0,"comment_status":"closed","ping_status":"closed","template":"","meta":{"footnotes":""},"_links":{"self":[{"href":"https:\/\/www.drinkmore-water.com\/es\/wp-json\/wp\/v2\/pages\/6799"}],"collection":[{"href":"https:\/\/www.drinkmore-water.com\/es\/wp-json\/wp\/v2\/pages"}],"about":[{"href":"https:\/\/www.drinkmore-water.com\/es\/wp-json\/wp\/v2\/types\/page"}],"author":[{"embeddable":true,"href":"https:\/\/www.drinkmore-water.com\/es\/wp-json\/wp\/v2\/users\/1"}],"replies":[{"embeddable":true,"href":"https:\/\/www.drinkmore-water.com\/es\/wp-json\/wp\/v2\/comments?post=6799"}],"version-history":[{"count":0,"href":"https:\/\/www.drinkmore-water.com\/es\/wp-json\/wp\/v2\/pages\/6799\/revisions"}],"wp:attachment":[{"href":"https:\/\/www.drinkmore-water.com\/es\/wp-json\/wp\/v2\/media?parent=6799"}],"curies":[{"name":"wp","href":"https:\/\/api.w.org\/{rel}","templated":true}]}}