{"id":12963,"date":"2024-03-20T13:54:19","date_gmt":"2024-03-20T12:54:19","guid":{"rendered":"https:\/\/www.drinkmore-water.com\/terms-conditions"},"modified":"2024-03-20T14:22:08","modified_gmt":"2024-03-20T13:22:08","slug":"terms-conditions","status":"publish","type":"page","link":"https:\/\/www.drinkmore-water.com\/es\/terms-conditions","title":{"rendered":"Terms &#038; Conditions"},"content":{"rendered":"\t\t<div data-elementor-type=\"wp-page\" data-elementor-id=\"12963\" class=\"elementor elementor-12963 elementor-4761\">\n\t\t\t\t\t\t<div class=\"elementor-inner\">\n\t\t\t\t<div class=\"elementor-section-wrap\">\n\t\t\t\t\t\t\t\t\t<section class=\"elementor-section elementor-top-section elementor-element elementor-element-2eef390 elementor-section-boxed elementor-section-height-default elementor-section-height-default\" data-id=\"2eef390\" data-element_type=\"section\">\n\t\t\t\t\t\t<div class=\"elementor-container elementor-column-gap-default\">\n\t\t\t\t\t\t\t<div class=\"elementor-row\">\n\t\t\t\t\t<div class=\"elementor-column elementor-col-100 elementor-top-column elementor-element elementor-element-ecb9f96\" data-id=\"ecb9f96\" data-element_type=\"column\" data-settings=\"{&quot;background_background&quot;:&quot;classic&quot;}\">\n\t\t\t<div class=\"elementor-column-wrap elementor-element-populated\">\n\t\t\t\t\t\t\t<div class=\"elementor-widget-wrap\">\n\t\t\t\t\t\t<div class=\"elementor-element elementor-element-407c7da elementor-widget elementor-widget-heading\" data-id=\"407c7da\" data-element_type=\"widget\" data-widget_type=\"heading.default\">\n\t\t\t\t<div class=\"elementor-widget-container\">\n\t\t\t<h1 class=\"elementor-heading-title elementor-size-default\">T\u00e9rminos y Condiciones<\/h1>\t\t<\/div>\n\t\t\t\t<\/div>\n\t\t\t\t\t\t<\/div>\n\t\t\t\t\t<\/div>\n\t\t<\/div>\n\t\t\t\t\t\t\t\t<\/div>\n\t\t\t\t\t<\/div>\n\t\t<\/section>\n\t\t\t\t<section class=\"elementor-section elementor-top-section elementor-element elementor-element-858fa6a elementor-section-boxed elementor-section-height-default elementor-section-height-default\" data-id=\"858fa6a\" data-element_type=\"section\">\n\t\t\t\t\t\t<div class=\"elementor-container elementor-column-gap-default\">\n\t\t\t\t\t\t\t<div class=\"elementor-row\">\n\t\t\t\t\t<div class=\"elementor-column elementor-col-100 elementor-top-column elementor-element elementor-element-c7a2a65\" data-id=\"c7a2a65\" data-element_type=\"column\">\n\t\t\t<div class=\"elementor-column-wrap elementor-element-populated\">\n\t\t\t\t\t\t\t<div class=\"elementor-widget-wrap\">\n\t\t\t\t\t\t<div class=\"elementor-element elementor-element-61db1d8 elementor-widget elementor-widget-text-editor\" data-id=\"61db1d8\" data-element_type=\"widget\" data-widget_type=\"text-editor.default\">\n\t\t\t\t<div class=\"elementor-widget-container\">\n\t\t\t\t\t\t\t\t<div class=\"elementor-text-editor elementor-clearfix\">\n\t\t\t\t<h2>INFORMACI\u00d3N LEGAL<\/h2>\n<h3>Editor<\/h3>\n<p>\n    Pernod Ricard SA, sociedad an\u00f3nima de derecho franc\u00e9s con un capital de 405.908.668,00 \u20ac, inscrita en el Registro Mercantil de Par\u00eds con el n\u00famero 582 041 943 y con domicilio social en 5 Cours Paul Ricard, 75008 Par\u00eds, Francia, que act\u00faa en nombre de la Parte Responsable (\u201cParte Responsable\u201d). Direcci\u00f3n de publicaci\u00f3n: G\u00e9raldine Dichamp\n<\/p>\n<h3>Anfitri\u00f3n<\/h3>\n<p>\n    Pantheon Systems, Inc., 717 California Street, tercer piso, San Francisco, CA 94108 (EE. UU.)\n<\/p>\n<h3>Contacto<\/h3>\n<p>\n    Para cualquier informaci\u00f3n relacionada con el funcionamiento o uso de este sitio web, puede escribir a:<br \/>responsiblepartyprogramme@gmail.com\n<\/p>\n<h2>GENERAL<\/h2>\n<p>\n    El acceso o uso del sitio web implica la aceptaci\u00f3n sin reservas de estas Condiciones de Uso.<br \/>Nos reservamos el derecho de modificar estas Condiciones de servicio en cualquier momento, sin previo aviso. Los cambios entrar\u00e1n en vigor tan pronto como se publiquen en Internet. Por tanto, se invita a los usuarios a consultar peri\u00f3dicamente las presentes condiciones para tomar nota de cualquier modificaci\u00f3n que se realice en las mismas.\n<\/p>\n<h2>ACCESO AL SITIO<\/h2>\n<p>\n    El acceso al sitio web y su uso est\u00e1n reservados para un uso estrictamente privado y personal. Usted acepta no utilizar este sitio web y la informaci\u00f3n o los datos contenidos en \u00e9l y que se proporcionan \u00fanicamente con fines informativos, comerciales, pol\u00edticos, publicitarios o para cualquier forma de solicitud comercial y, en particular, el env\u00edo de correos electr\u00f3nicos no solicitados.\n<\/p>\n<h2>PROPIEDAD INTELECTUAL<\/h2>\n<p>\n    El sitio web, el nombre de dominio del sitio y las marcas, as\u00ed como todos los contenidos y dem\u00e1s elementos que lo componen (tales como: arquitectura, estructura en \u00e1rbol, logotipos, elementos visuales, textos, comentarios, ilustraciones, im\u00e1genes animadas o no, archivos, secuencias de v\u00eddeo, sonidos, etc.) reproducidos en el Sitio est\u00e1n protegidos por la legislaci\u00f3n vigente en materia de propiedad intelectual y\/o bases de datos. Son propiedad total y entera de la Parte Responsable o de sus socios.<br \/>Cualquier reproducci\u00f3n, representaci\u00f3n, adaptaci\u00f3n o traducci\u00f3n, en cualquier forma, del Sitio en su totalidad o parcialmente, o de los elementos del Sitio, que se haga sin el consentimiento previo por escrito de la Parte Responsable se considera estrictamente prohibida y compromete la responsabilidad de su autor.\n<\/p>\n<h2>ENLACES A OTROS SITIOS<\/h2>\n<p>\n    El sitio web puede remitir a los usuarios a otros sitios de terceros y\/o entidades subsidiarias o afiliadas de la Parte Responsable, a trav\u00e9s de enlaces de hipertexto particularmente profundos; esto constituye un servicio puesto a disposici\u00f3n del usuario. La Parte Responsable declina toda responsabilidad por el contenido de estos otros sitios sobre los que no tiene control. Por tanto, es responsabilidad suya leer atentamente sus condiciones generales de uso o sus pol\u00edticas de confidencialidad.<br \/>El establecimiento de cualquier enlace de hipertexto por parte de un tercero a todo el sitio web o a una parte del mismo est\u00e1 estrictamente prohibido salvo que se cuente con el consentimiento previo por escrito de la Parte Responsable. En todos los casos, dicho enlace deber\u00e1 ser eliminado si media una simple solicitud de la Parte Responsable.\n<\/p>\n<h2>RESPONSABILIDADES<\/h2>\n<p>\n    Para la adecuada gesti\u00f3n del Sitio, la Parte Responsable se reserva el derecho, en cualquier momento, de suspender, interrumpir o limitar, sin previo aviso, el acceso a todo o a una parte del sitio web, a eliminar cualquier informaci\u00f3n que pueda alterar el funcionamiento de la plataforma o que no cumpla con la normativa vigente, o a suspender el funcionamiento del Sitio para realizar actualizaciones.<br \/>\n    La Parte Responsable no asume ninguna responsabilidad sobre las interrupciones de enlaces, fallos del servidor, problemas el\u00e9ctricos o de otro tipo relacionados con la red inform\u00e1tica de Internet, en particular en caso de fallo, aver\u00eda, dificultad o interrupci\u00f3n del funcionamiento, que impida el acceso al Sitio o a alguna de sus funciones o caracter\u00edsticas.<br \/>\n    El usuario del sitio web reconoce que el material de conexi\u00f3n que le permita acceder al Sitio est\u00e1 bajo su entera responsabilidad y que debe tomar las medidas adecuadas para proteger sus propios datos, en particular contra ataques virales a trav\u00e9s de Internet.<br \/>\n    Asimismo, el usuario es el \u00fanico responsable de los sitios web y datos que consulta.<br \/>\n    La Parte Responsable no asume ninguna responsabilidad en caso de que se inicien procedimientos legales contra el usuario por el uso que haya hecho del Sitio o de cualquier servicio accesible a trav\u00e9s de Internet.<br \/>\n    Finalmente, el usuario del Sitio reconoce que sigue siendo responsable de cualquier da\u00f1o causado a s\u00ed mismo, a terceros y\/o a su equipo como resultado de su conexi\u00f3n o uso del Sitio.\n<\/p>\n<h2>POL\u00cdTICA DE PRIVACIDAD<\/h2>\n<p>\n    Toda la informaci\u00f3n personal que le concierne y que nos ha comunicado durante el uso del Sitio, incluida en particular la informaci\u00f3n personal nominativa que se habr\u00e1 recopilado durante cualquier proceso de registro o contacto, est\u00e1 sujeta a la Pol\u00edtica. La Pol\u00edtica de Privacidad del Sitio es una parte integral de estas Condiciones de uso y se puede acceder a ella desde aqu\u00ed o desde un enlace que figura en la parte inferior de cada p\u00e1gina del Sitio.<br \/>\n    Le invitamos a consultar peri\u00f3dicamente esta Pol\u00edtica de confidencialidad para tomar nota de las modificaciones que se realicen en la misma.\n<\/p>\n<h2>LUCES DE NAVEGACI\u00d3N (\u201cCOOKIES\u201d)<\/h2>\n<p>Consulte nuestra pol\u00edtica sobre cookies<\/p>\n<h2>LEGISLACI\u00d3N APLICABLE<\/h2>\n<p>Estas Condiciones de uso del Sitio se rigen por la legislaci\u00f3n francesa.<\/p>\n<h2>POL\u00cdTICA DE PRIVACIDAD DE DATOS<\/h2>\n<p>\n    <br \/>Como responsable del Tratamiento de los datos, la Parte Responsable se compromete a respetar su derecho a la privacidad.<br \/>\n    El prop\u00f3sito de esta Pol\u00edtica de Privacidad es informarle de que Pernod Ricard SA, sociedad an\u00f3nima de derecho franc\u00e9s con un capital de 405.908.668,00 \u20ac, inscrita en el Registro Mercantil de Par\u00eds con el n\u00famero 582 041 943 y con domicilio social en 5 Cours Paul Ricard, 75008 Par\u00eds, Francia, que act\u00faa en nombre de la Parte Responsable (\u00abParte Responsable\u00bb, \u00abNosotros\u00bb, \u00abnuestro\/a\u00bb), recopila, almacena, utiliza y procesa datos personales denominados generalmente \u00abdatos personales\u00bb relativos a su persona y que se facilitan a trav\u00e9s de cualquier canal digital en los que opera la Parte responsable (\u00abmedios digitales\u00bb).\n<\/p>\n<h2>1. \u00bfQU\u00c9 TIPO DE DATOS PERSONALES RECOGEMOS?<\/h2>\n<p>\n    Solamente recopilamos sus datos personales para los fines exclusivos establecidos en la Secci\u00f3n 3 y lo hacemos cada vez que usted utiliza alguna de las funciones o servicios ofrecidos por nuestros medios digitales.<br \/>\n    Las categor\u00edas y el volumen de datos personales recopilados para el uso de funciones y servicios est\u00e1n sujetos a actualizaci\u00f3n y cambios a medida que cambian nuestros servicios y actividades.\n<\/p>\n<p>\n    Tambi\u00e9n podremos utilizar informaci\u00f3n demogr\u00e1fica sobre los usuarios de nuestros medios digitales, que podremos obtener de terceros, como Google o las redes sociales en las que usted est\u00e9 registrado\/a (\u00abinformaci\u00f3n de uso\u00bb). La informaci\u00f3n de uso puede incluir las p\u00e1ginas que haya visto, cu\u00e1ndo las ha visto, informaci\u00f3n sobre una bebida en particular u otro contenido al que haya accedido o que nos haya proporcionado, el idioma en el que haya visto nuestros medios digitales, incluidos datos demogr\u00e1ficos sobre usted (como su edad, sexo e intereses, si corresponde) y las p\u00e1ginas que visit\u00f3 antes de ver esta p\u00e1gina, etc.\n<\/p>\n<h2>2. \u00bfC\u00d3MO Y POR QU\u00c9 UTILIZAMOS COOKIES Y TECNOLOG\u00cdAS DE SEGUIMIENTO?<\/h2>\n<p>\n    Utilizamos tecnolog\u00edas de seguimiento, como cookies, direcciones IP o historiales de conexi\u00f3n. Estas tecnolog\u00edas de seguimiento nos ayudan a adaptar nuestros medios digitales a sus necesidades.\n<\/p>\n<ul>\n<li>\n        Utilizamos estas cookies para comprender mejor c\u00f3mo utilizan nuestras herramientas y servicios quienes consultan nuestros medios digitales, as\u00ed como para mejorar su uso y funcionalidad. Nuestros medios digitales utilizan cookies y tecnolog\u00edas similares (en general denominadas \u00abcookies\u00bb); esta actividad est\u00e1 sujeta a su consentimiento previo cuando lo exija la ley. Las cookies son peque\u00f1os archivos que se almacenan en su disco duro y le permiten navegar por las p\u00e1ginas de manera eficiente, recordar sus preferencias y, en general, mejorar la experiencia que disfruta. El uso de cookies en nuestros medios digitales tambi\u00e9n le permite beneficiarse de consultas m\u00e1s homog\u00e9neas y mejora la apreciaci\u00f3n de su forma de navegar por nuestro Sitio.<br \/>\n        Para informarse detalladamente sobre qu\u00e9 cookies que utilizamos y c\u00f3mo se pueden desactivar, consulte nuestra Pol\u00edtica sobre Cookies de la Parte Responsable.\n    <\/li>\n<li>\n        Una direcci\u00f3n IP es una cadena de n\u00fameros que utilizan las computadoras en la red para identificar su equipo inform\u00e1tico cada vez que usted se conecta a Internet. Es posible que necesitemos conservar su direcci\u00f3n IP para (entre otras finalidades): (i) resolver problemas t\u00e9cnicos, (ii) mantener la seguridad del sitio web, (iii) restringir el acceso a nuestros medios digitales para cumplir con las restricciones legales o contractuales aplicables y (iv) comprender mejor c\u00f3mo se utilizan nuestros medios digitales;\n    <\/li>\n<li>\n        Nosotros (o una tercera entidad que act\u00fae en nuestro nombre) podemos\/puede recopilar informaci\u00f3n en forma de historiales de conexi\u00f3n que registran la actividad en los medios digitales y recopilan estad\u00edsticas sobre los h\u00e1bitos de navegaci\u00f3n de los usuarios. Estos datos se generan de forma an\u00f3nima y nos ayudan a identificar los siguientes aspectos (entre otros): (i) el tipo de navegador y sistema operativo de un usuario, (ii) informaci\u00f3n sobre la sesi\u00f3n de un usuario (como la URL de la que proviene, la fecha y hora en que visit\u00f3 nuestros medios digitales, las p\u00e1ginas que vio en nuestros medios digitales y el tiempo que permaneci\u00f3 en ellas) y (iii) otros datos sobre la navegaci\u00f3n o las rutas de navegaci\u00f3n. Tambi\u00e9n utilizamos los datos capturados en el historial de inicio de sesi\u00f3n para nuestros estudios demogr\u00e1ficos y de marketing internos, as\u00ed como para mejorar y adaptar constantemente nuestros medios digitales. Los historiales de conexi\u00f3n tan solo se utilizan internamente y no est\u00e1n asociados con ning\u00fan usuario espec\u00edfico.\n    <\/li>\n<\/ul>\n<h2>3. \u00bfCON QU\u00c9 FINALIDADES UTILIZAMOS SUS DATOS PERSONALES?<\/h2>\n<p>Recopilamos datos personales sobre usted para los siguientes fines:<\/p>\n<ul>\n<li>\n        Nos aseguraremos de que sus datos personales sigan siendo precisos y actualizados o deber\u00e1n completarse con la informaci\u00f3n adicional que proporcione. Tambi\u00e9n nos esforzaremos por evitar duplicados en nuestra base de datos verificando cada una de sus interacciones con nosotros y\/o con nuestros afiliados y comprobando si los datos personales que le conciernen siguen siendo correctos o si es necesario completarlos o actualizarlos con la informaci\u00f3n adicional que nos haya proporcionado.\n    <\/li>\n<li>\n        Habilitaci\u00f3n para firmar el Manifiesto de la Parte Responsable:<br \/>\n        Cuando utiliza la funci\u00f3n \u00abFirmo\u00bb: Los datos personales as\u00ed recopilados solo se utilizar\u00e1n para (i) confirmar su firma (y garantizar que un mismo usuario no firme dos veces), (ii) mantenerlo informado sobre el progreso del programa y (iii) elaborar estad\u00edsticas an\u00f3nimas sobre qui\u00e9n ha firmado el Manifiesto.\n    <\/li>\n<\/ul>\n<p>Sus datos personales no se utilizar\u00e1n para ning\u00fan otro fin.<\/p>\n<p>\n    Podremos analizar su actividad y h\u00e1bitos de navegaci\u00f3n en nuestros medios digitales con el fin de conocer mejor sus preferencias y los aspectos que m\u00e1s le interesan, as\u00ed como adaptar nuestras comunicaciones a sus gustos y preferencias, salvo que no se oponga a ello en las condiciones indicadas en la Secci\u00f3n 9 de esta Pol\u00edtica de Privacidad.\n<\/p>\n<p>\n    Llamamos su atenci\u00f3n sobre el hecho de que las herramientas autom\u00e1ticas utilizadas se someten a controles peri\u00f3dicos para garantizar que los datos personales se procesen de un modo acorde con las normas legales. Tambi\u00e9n puede impugnar el resultado de la decisi\u00f3n autom\u00e1tica enviando un correo electr\u00f3nico a la direcci\u00f3n indicada en la Secci\u00f3n 9 que figura a continuaci\u00f3n y solicitando m\u00e1s informaci\u00f3n.\n<\/p>\n<h2>4. \u00bfPOR QU\u00c9 Y A QUI\u00c9N REVELAMOS SUS DATOS PERSONALES?<\/h2>\n<ul>\n<li>Internamente<\/li>\n<\/ul>\n<p>\n    Tan solo acceder\u00e1 a sus datos personales el personal de la Parte Responsable debidamente autorizado.\n<\/p>\n<ul>\n<li>A terceras entidades<\/li>\n<\/ul>\n<p>\n    Podremos transmitir sus datos personales a terceros, pero solamente en los siguientes casos:\n<\/p>\n<ul>\n<li>\n        Los datos personales pueden, si es necesario, transmitirse a terceros proveedores de servicios involucrados en la prestaci\u00f3n de nuestros propios servicios. La Parte Responsable se compromete a comunicar los datos personales recopilados \u00fanicamente a terceros autorizados y de confianza, quienes los procesan en nuestro nombre, de acuerdo con nuestras instrucciones y de conformidad con los t\u00e9rminos y condiciones vigentes.\n    <\/li>\n<li>\n        Para programas conjuntos y copatrocinados y con fines promocionales: Cuando llevemos a cabo acciones promocionales conjuntas o copatrocinadas en nuestros medios digitales en asociaci\u00f3n con otras empresas, u otros terceros de confianza, y que, como parte de este evento, recopilemos y procesemos datos personales, es posible que tengamos que compartir sus datos personales, habiendo obtenido previamente su consentimiento cuando la ley as\u00ed lo requiera. En el caso de que los datos personales que le conciernen sean recopilados o transmitidos a una empresa que no sea la Parte Responsable como elemento integral de dicha acci\u00f3n promocional, le informaremos de ello cuando se recopilen los datos personales que le conciernan.\n    <\/li>\n<\/ul>\n<p>\n    En caso de fusi\u00f3n-absorci\u00f3n o adquisici\u00f3n, parcialmente o en su totalidad, de la Parte Responsable por otra empresa o en caso de venta o enajenaci\u00f3n, por la Parte Responsable, de la totalidad o de una parte de su negocio, la entidad adquirente tendr\u00eda acceso a informaci\u00f3n que podr\u00eda incluir datos personales, siempre sujeto a la legislaci\u00f3n aplicable. Asimismo, algunos de sus datos personales podr\u00e1n ser transferidos en el transcurso de una reestructuraci\u00f3n, quiebra u otro evento similar, si la legislaci\u00f3n aplicable lo permite y de conformidad con dicha legislaci\u00f3n.\n<\/p>\n<h2>\n    5. \u00bfD\u00d3NDE, C\u00d3MO Y POR QU\u00c9 SUS DATOS PERSONALES PUEDEN SER TRANSFERIDOS FUERA DE LA UNI\u00d3N EUROPEA?<br \/>\n<\/h2>\n<p>\n    La Parte Responsable solamente transferir\u00e1 sus datos personales fuera de la Uni\u00f3n Europea si dicha transferencia es estrictamente necesaria para la prestaci\u00f3n de los servicios.<br \/>\n    La Parte Responsable toma las medidas adecuadas para garantizar la seguridad de los datos personales, tanto durante la transferencia como en el lugar de llegada, mediante la implementaci\u00f3n de cl\u00e1usulas contractuales seg\u00fan lo prescrito por la Comisi\u00f3n Europea, de conformidad con la legislaci\u00f3n aplicable.<br \/>\n    Nuestros principales proveedores de servicios para la operaci\u00f3n de nuestros medios digitales tienen su sede en Estados Unidos. Las transferencias de datos personales a estos proveedores de servicios se llevan a cabo de acuerdo con las leyes aplicables y se basan en cl\u00e1usulas contractuales est\u00e1ndar, seg\u00fan lo prescrito por la Comisi\u00f3n Europea. Estos proveedores de servicios tambi\u00e9n est\u00e1n obligados por un contrato que garantiza un alto nivel de protecci\u00f3n de la confidencialidad y que les exige (entre otras estipulaciones) actuar \u00fanicamente siguiendo instrucciones de la Parte Responsable e implementar constantemente todas las medidas t\u00e9cnicas necesarias para mantener la seguridad de los datos personales que le conciernan a usted.\n<\/p>\n<h2>6. \u00bfCU\u00c1NTO TIEMPO CONSERVAMOS TUS DATOS PERSONALES?<\/h2>\n<p>\n    Podemos conservar sus datos personales de acuerdo con nuestro procedimiento de retenci\u00f3n interno en la medida en que sea necesario para cumplir con nuestras obligaciones legales y reglamentarias.<br \/>\n    Por lo tanto, es posible que debamos conservar los datos personales que le conciernen despu\u00e9s de que haya dejado de utilizar los servicios de la Parte Responsable o nuestros medios digitales, de acuerdo con la prescripci\u00f3n legal.\n<\/p>\n<p>\n    Sus datos personales recopilados en el transcurso del Programa del Manifiesto de la Parte Responsable se almacenar\u00e1n por un per\u00edodo de un (1) a\u00f1o, a partir de la fecha de recopilaci\u00f3n de dichos datos personales.\n<\/p>\n<h2>7. \u00bfC\u00d3MO PROTEGEMOS SUS DATOS PERSONALES?<\/h2>\n<p>\n    La Parte Responsable adoptar\u00e1 todas las medidas t\u00e9cnicas y organizativas necesarias para proteger la confidencialidad y seguridad de sus datos personales que hayan sido recopilados a trav\u00e9s de nuestros medios digitales. Estas medidas consisten, entre otras, en las siguientes: (i) almacenar sus datos personales en entornos operativos seguros que no sean accesibles al p\u00fablico y a los que solo puedan acceder los miembros autorizados del personal de la Parte Responsable y nuestros agentes y contratistas y (ii) verificar la identidad de los usuarios registrados antes de que puedan tener acceso a sus datos personales.\n<\/p>\n<h2>8. \u00bfCU\u00c1LES SON SUS DERECHOS?<\/h2>\n<ul>\n<li>\n        Si sus datos personales se han procesado con su consentimiento, tiene derecho a retirar dicho consentimiento en cualquier momento, sin que esto afecte al consentimiento otorgado antes de la retirada.\n    <\/li>\n<li>Puede solicitar acceder a sus datos personales.<\/li>\n<li>\n        Puede solicitar la rectificaci\u00f3n de sus datos personales si son inexactos, incompletos o no est\u00e1n actualizados.\n    <\/li>\n<li>\n        Puede solicitar que se borren sus datos personales tan pronto como: (i) los datos personales que le conciernan ya no sean necesarios para los fines del procesamiento de datos, (ii) retire su consentimiento al procesamiento de datos bas\u00e1ndose exclusivamente en dicho consentimiento, (iii) impugne el procesamiento de datos, (iv) el tratamiento de sus datos personales sea il\u00edcito, (v) los datos personales deban ser suprimidos para cumplir con una obligaci\u00f3n legal aplicable a la Parte Responsable. La Parte Responsable tomar\u00e1 medidas razonables para informar a las otras entidades del Grupo empresarial de la Parte Responsable que se ha producido dicha eliminaci\u00f3n.\n    <\/li>\n<li>\n        Puede solicitar la limitaci\u00f3n del tratamiento: (i) en caso de una disputa sobre la exactitud de sus datos personales para permitirnos verificar esta exactitud, (ii) si desea restringir sus datos personales en lugar de eliminarlos en caso de procesamiento ilegal, (iii) si desea que la Parte Responsable conserve datos personales que le conciernen porque los necesita para garantizar su defensa en el contexto de acciones legales, (iv) en el caso de que haya impugnado el procesamiento pero la Parte Responsable debe llevar a cabo una investigaci\u00f3n para verificar si tiene una base leg\u00edtima para efectuar el tratamiento que podr\u00eda prevalecer sobre sus propios derechos.\n    <\/li>\n<li>\n        Puede solicitar la portabilidad de los datos personales que nos haya proporcionado si el tratamiento de datos personales se basa en su consentimiento o en la ejecuci\u00f3n de un contrato.<br \/>\n        \u2022 Siempre tendr\u00e1 la opci\u00f3n de no facilitarnos sus datos personales. En este caso, es posible que afronte limitaciones en las actividades y funcionalidades que podremos brindarle.\n    <\/li>\n<li>\n        Tiene derecho a oponerse al procesamiento de sus datos personales, incluso con fines de marketing basados en la elaboraci\u00f3n de perfiles o si el procesamiento de datos se basa en el inter\u00e9s leg\u00edtimo de la Parte Responsable.\n    <\/li>\n<li>\n        Tambi\u00e9n tiene derecho a dar instrucciones generales y espec\u00edficas sobre el destino de sus datos personales despu\u00e9s de su muerte.\n    <\/li>\n<\/ul>\n<h2>9. \u00bfC\u00d3MO CONTACTAR O ENVIAR UNA QUEJA A LA CNIL?<\/h2>\n<p>\n    Para cualquier pregunta, queja o comentario sobre esta Pol\u00edtica de Privacidad o nuestras pr\u00e1cticas de recopilaci\u00f3n de informaci\u00f3n, puede comunicarse connosotros escribi\u00e9ndonos a la siguiente direcci\u00f3n:<br \/>\n    Parte Responsable<br \/>\n    5, cours Paul Ricard<br \/>\n    75380 Paris CEDEX 08<br \/>\n    Francia\n<\/p>\n<p>\n    O tambi\u00e9n enviando un correo electr\u00f3nico a: responsiblepartyprogramme@gmail.com<br \/>\n    Tenga en cuenta que tambi\u00e9n puede presentar una queja ante la Autoridad supervisora del pa\u00eds en el que se encuentra en caso de que tenga alguna duda sobre las condiciones del procesamiento y tratamiento de sus datos personales por la Parte Responsable.<br \/>\n    En Francia, puede ponerse en contacto con la Commission Nationale de l&#8217;Informatique et des Libert\u00e9s (la \u00abCNIL\u00bb), a cuyo sitio web se puede acceder aqu\u00ed: https:\/\/www.cnil.fr\/.\n<\/p>\n<h2>10. CAMBIOS EN NUESTRA POL\u00cdTICA DE PRIVACIDAD<\/h2>\n<p>\n    Revisamos peri\u00f3dicamente nuestra Pol\u00edtica de Privacidad y cualquier actualizaci\u00f3n de la misma se publicar\u00e1 en esta p\u00e1gina web. Esta Pol\u00edtica de Privacidad se actualiz\u00f3 por \u00faltima vez el 21 de mayo de 2021.<\/p>\n\t\t\t\t\t<\/div>\n\t\t\t\t\t\t<\/div>\n\t\t\t\t<\/div>\n\t\t\t\t\t\t<\/div>\n\t\t\t\t\t<\/div>\n\t\t<\/div>\n\t\t\t\t\t\t\t\t<\/div>\n\t\t\t\t\t<\/div>\n\t\t<\/section>\n\t\t\t\t\t\t\t\t\t<\/div>\n\t\t\t<\/div>\n\t\t\t\t\t<\/div>\n\t\t","protected":false},"excerpt":{"rendered":"<p>T\u00e9rminos y Condiciones INFORMACI\u00d3N LEGAL Editor Pernod Ricard SA, sociedad an\u00f3nima de derecho franc\u00e9s con un capital de 405.908.668,00 \u20ac, inscrita en el Registro Mercantil de Par\u00eds con el n\u00famero 582 041 943 y con domicilio social en 5 Cours Paul Ricard, 75008 Par\u00eds, Francia, que act\u00faa en nombre de la Parte Responsable (\u201cParte Responsable\u201d). [&hellip;]<\/p>\n","protected":false},"author":1,"featured_media":0,"parent":0,"menu_order":0,"comment_status":"closed","ping_status":"closed","template":"","meta":{"footnotes":""},"_links":{"self":[{"href":"https:\/\/www.drinkmore-water.com\/es\/wp-json\/wp\/v2\/pages\/12963"}],"collection":[{"href":"https:\/\/www.drinkmore-water.com\/es\/wp-json\/wp\/v2\/pages"}],"about":[{"href":"https:\/\/www.drinkmore-water.com\/es\/wp-json\/wp\/v2\/types\/page"}],"author":[{"embeddable":true,"href":"https:\/\/www.drinkmore-water.com\/es\/wp-json\/wp\/v2\/users\/1"}],"replies":[{"embeddable":true,"href":"https:\/\/www.drinkmore-water.com\/es\/wp-json\/wp\/v2\/comments?post=12963"}],"version-history":[{"count":11,"href":"https:\/\/www.drinkmore-water.com\/es\/wp-json\/wp\/v2\/pages\/12963\/revisions"}],"predecessor-version":[{"id":12974,"href":"https:\/\/www.drinkmore-water.com\/es\/wp-json\/wp\/v2\/pages\/12963\/revisions\/12974"}],"wp:attachment":[{"href":"https:\/\/www.drinkmore-water.com\/es\/wp-json\/wp\/v2\/media?parent=12963"}],"curies":[{"name":"wp","href":"https:\/\/api.w.org\/{rel}","templated":true}]}}